
{"id":1080,"date":"2015-05-05T20:04:59","date_gmt":"2015-05-05T18:04:59","guid":{"rendered":"http:\/\/www.cielmonordi.fr\/v2010\/cmo\/?page_id=1080"},"modified":"2017-04-24T18:39:51","modified_gmt":"2017-04-24T16:39:51","slug":"impots-mode-demploi-2","status":"publish","type":"page","link":"https:\/\/www.cielmonordi.fr\/v2010\/cmo\/tarifs-2\/impots-mode-demploi-2\/","title":{"rendered":"Imp\u00f4ts mode d&#8217;emploi"},"content":{"rendered":"<p style=\"text-align: justify;\"><span style=\"font-family: verdana,geneva;\">Pour votre d\u00e9claration I.R.<\/span><\/p>\n<p style=\"text-align: justify;\"><span style=\"font-family: verdana,geneva;\">Vous avez fait appel \u00e0 nos services d&#8217;assistance informatique \u00e0 domicile, vous pouvez d\u00e9duire de vos imp\u00f4ts, 50% des d\u00e9penses r\u00e9alis\u00e9es au titre des services \u00e0 la personne<\/span><span style=\"font-family: verdana,geneva;\">.<\/span><\/p>\n<p style=\"text-align: justify;\"><span style=\"font-family: verdana,geneva;\">Pour vous aider voici o\u00f9 et comment d\u00e9clarer vos d\u00e9penses de services \u00e0 la personne pour b\u00e9n\u00e9ficier de la r\u00e9duction ou du cr\u00e9dit d&#8217;imp\u00f4t auquel vous avez droit. Les prestations d&#8217;assistance informatique et Internet \u00e0 domicile ouvrent droit \u00e0 la r\u00e9duction d&#8217;imp\u00f4t dans la limite de 3000 \u20ac.<\/span><\/p>\n<p style=\"text-align: left;\">Site Service Public .fr : \u00a0<span style=\"font-size: 14pt;\"><strong><a href=\"https:\/\/www.service-public.fr\/particuliers\/vosdroits\/F12\" target=\"_blank\" rel=\"noopener noreferrer\">Imp\u00f4t sur le revenu d\u00e9claration 2017 des revenus 2016<\/a><\/strong><\/span><\/p>\n<p style=\"text-align: left;\"><span style=\"font-size: 14pt;\"><span style=\"font-size: 12pt;\">Aide \u00e0 la d\u00e9claration :<\/span>\u00a0<strong><a href=\"http:\/\/www.cielmonordi.fr\/v2010\/cmo\/wp-content\/uploads\/2015\/05\/REMPLIR-LA-D\u00c9CLARATION-DE-REVENUS-2016.pdf\" target=\"_blank\" rel=\"noopener noreferrer\">REMPLIR LA D\u00c9CLARATION DE REVENUS 2016<\/a><\/strong><\/span><\/p>\n<p><\/p>","protected":false},"excerpt":{"rendered":"<p>Pour votre d\u00e9claration I.R. Vous avez fait appel \u00e0 nos services d&#8217;assistance informatique \u00e0 domicile, vous pouvez d\u00e9duire de vos imp\u00f4ts, 50% des d\u00e9penses r\u00e9alis\u00e9es au titre des services \u00e0 la personne. Pour vous aider voici o\u00f9 et comment d\u00e9clarer vos d\u00e9penses de services \u00e0 la personne pour b\u00e9n\u00e9ficier de la r\u00e9duction ou du cr\u00e9dit<br \/><a class=\"moretag\" href=\"https:\/\/www.cielmonordi.fr\/v2010\/cmo\/tarifs-2\/impots-mode-demploi-2\/\">+ Lire la suite<\/a><\/p>\n","protected":false},"author":4,"featured_media":0,"parent":115,"menu_order":420,"comment_status":"closed","ping_status":"closed","template":"","meta":{"footnotes":""},"aioseo_notices":[],"_links":{"self":[{"href":"https:\/\/www.cielmonordi.fr\/v2010\/cmo\/wp-json\/wp\/v2\/pages\/1080"}],"collection":[{"href":"https:\/\/www.cielmonordi.fr\/v2010\/cmo\/wp-json\/wp\/v2\/pages"}],"about":[{"href":"https:\/\/www.cielmonordi.fr\/v2010\/cmo\/wp-json\/wp\/v2\/types\/page"}],"author":[{"embeddable":true,"href":"https:\/\/www.cielmonordi.fr\/v2010\/cmo\/wp-json\/wp\/v2\/users\/4"}],"replies":[{"embeddable":true,"href":"https:\/\/www.cielmonordi.fr\/v2010\/cmo\/wp-json\/wp\/v2\/comments?post=1080"}],"version-history":[{"count":0,"href":"https:\/\/www.cielmonordi.fr\/v2010\/cmo\/wp-json\/wp\/v2\/pages\/1080\/revisions"}],"up":[{"embeddable":true,"href":"https:\/\/www.cielmonordi.fr\/v2010\/cmo\/wp-json\/wp\/v2\/pages\/115"}],"wp:attachment":[{"href":"https:\/\/www.cielmonordi.fr\/v2010\/cmo\/wp-json\/wp\/v2\/media?parent=1080"}],"curies":[{"name":"wp","href":"https:\/\/api.w.org\/{rel}","templated":true}]}}