
{"id":11,"date":"2009-10-04T16:41:43","date_gmt":"2009-10-04T14:41:43","guid":{"rendered":"http:\/\/www.cielmonordi.fr\/v2010\/cmo\/?page_id=11"},"modified":"2018-10-25T07:43:58","modified_gmt":"2018-10-25T05:43:58","slug":"reduction","status":"publish","type":"page","link":"https:\/\/www.cielmonordi.fr\/v2010\/cmo\/tarifs-2\/reduction\/","title":{"rendered":"R\u00e9duction d&#8217;Imp\u00f4ts"},"content":{"rendered":"<p style=\"text-align: justify;\"><strong><span style=\"font-family: verdana, geneva;\">D\u00e9duction fiscale et ch\u00e8que emploi service universel Cesu<\/span><\/strong><\/p>\n<p style=\"text-align: justify;\"><strong><span style=\"font-family: verdana, geneva;\">50% de r\u00e9duction d&#8217;imp\u00f4ts<\/span><\/strong><\/p>\n<p style=\"text-align: justify;\"><span style=\"font-family: verdana, geneva;\">Ciel Mon Ordi est agr\u00e9\u00e9 sous le num\u00e9ro : R\/130311\/F\/092\/S\/055 et vous permet de b\u00e9n\u00e9ficier de la loi N2005-841 du 26 juillet 2005 sur les services \u00e0 la personne.<br \/>\nLes services informatiques \u00e0 domicile entrent dans le cadre de la loi du 26 juillet 2005 relative au d\u00e9veloppement des services \u00e0 la personne. De ce fait, ils ouvrent donc droit \u00e0 une r\u00e9duction d&#8217;imp\u00f4ts de 50% des sommes vers\u00e9es pour ces prestations (hors aides \u00e9ventuellement per\u00e7ues) pour r\u00e9gler les prestations informatiques et internet inclues dans les formules &#8220;Internet accompagn\u00e9&#8221; ainsi qu&#8217;\u00e0 l&#8217;utilisation du ch\u00e8que emploi service universel (Cesu).<\/span><\/p>\n<p style=\"text-align: justify;\"><span style=\"font-family: verdana, geneva;\">Quels sont les services d&#8217; &#8220;Internet Accompagn\u00e9&#8221; qui peuvent b\u00e9n\u00e9ficier de cette mesure ?<\/span><\/p>\n<ul style=\"text-align: justify;\">\n<li><span style=\"font-family: verdana, geneva;\">La livraison de mat\u00e9riels informatiques,<\/span><\/li>\n<li><span style=\"font-family: verdana, geneva;\">l&#8217;installation de mat\u00e9riels informatiques,<\/span><\/li>\n<li><span style=\"font-family: verdana, geneva;\">la mise en service de mat\u00e9riels informatiques (dont l&#8217;acc\u00e8s \u00e0 l&#8217;Internet),<\/span><\/li>\n<li><span style=\"font-family: verdana, geneva;\">la maintenance de mat\u00e9riels informatiques,<\/span><\/li>\n<li><span style=\"font-family: verdana, geneva;\">la r\u00e9paration de mat\u00e9riels informatiques,<\/span><\/li>\n<li><span style=\"font-family: verdana, geneva;\">la formation personnalis\u00e9e \u00e0 l&#8217;informatique et \u00e0 l&#8217;Internet<\/span><\/li>\n<\/ul>\n<p style=\"text-align: justify;\"><strong><span style=\"font-family: verdana, geneva;\">O\u00f9 se procurer le Cesu ?<\/span><\/strong><span style=\"font-family: verdana, geneva;\">Aupr\u00e8s des banques, sur simple demande du ch\u00e9quier Cesu. Il suffit de remplir une demande d&#8217;adh\u00e9sion<\/span><\/p>\n<p style=\"text-align: justify;\"><span style=\"font-family: verdana, geneva;\">Tout savoir sur le Cesu :<\/span><\/p>\n<p style=\"text-align: justify;\"><a href=\"http:\/\/www.servicesalapersonne.gouv.fr\/\" target=\"_blank\" rel=\"noopener\"><span style=\"font-family: verdana, geneva;\">Agence des services \u00e0 la personne<\/span><\/a><span style=\"font-family: verdana, geneva;\"><br \/>\nNum\u00e9ro national d&#8217;appel : 0820 00 23 78 (0,12 E TTC par minute)<\/span><\/p>\n<p style=\"text-align: justify;\"><span style=\"font-family: verdana, geneva;\">Agr\u00e9ments :<\/span><a target=\"&lt;br\/\"><span style=\"font-family: verdana, geneva;\"><br \/>\n<\/span><\/a><br \/>\n<a href=\"http:\/\/www.servicesalapersonne.gouv.fr\/\" target=\"_blank\" rel=\"noopener\"><span style=\"font-family: verdana, geneva;\"><img decoding=\"async\" loading=\"lazy\" class=\"alignleft wp-image-1206\" src=\"http:\/\/www.cielmonordi.fr\/v2010\/cmo\/wp-content\/uploads\/2015\/10\/CESUaccepte1_RVB_small.png\" width=\"72\" height=\"53\" \/><img decoding=\"async\" loading=\"lazy\" class=\"alignleft wp-image-77 size-full\" src=\"http:\/\/www.cielmonordi.fr\/v2010\/cmo\/wp-content\/uploads\/2009\/10\/Traceur_SAP_72x54.jpg\" width=\"72\" height=\"54\" \/><\/span><\/a><\/p>\n<p><\/p>","protected":false},"excerpt":{"rendered":"<p>D\u00e9duction fiscale et ch\u00e8que emploi service universel Cesu 50% de r\u00e9duction d&#8217;imp\u00f4ts Ciel Mon Ordi est agr\u00e9\u00e9 sous le num\u00e9ro : R\/130311\/F\/092\/S\/055 et vous permet de b\u00e9n\u00e9ficier de la loi N2005-841 du 26 juillet 2005 sur les services \u00e0 la personne. Les services informatiques \u00e0 domicile entrent dans le cadre de la loi du 26<br \/><a class=\"moretag\" href=\"https:\/\/www.cielmonordi.fr\/v2010\/cmo\/tarifs-2\/reduction\/\">+ Lire la suite<\/a><\/p>\n","protected":false},"author":4,"featured_media":0,"parent":115,"menu_order":410,"comment_status":"closed","ping_status":"closed","template":"","meta":{"footnotes":""},"aioseo_notices":[],"_links":{"self":[{"href":"https:\/\/www.cielmonordi.fr\/v2010\/cmo\/wp-json\/wp\/v2\/pages\/11"}],"collection":[{"href":"https:\/\/www.cielmonordi.fr\/v2010\/cmo\/wp-json\/wp\/v2\/pages"}],"about":[{"href":"https:\/\/www.cielmonordi.fr\/v2010\/cmo\/wp-json\/wp\/v2\/types\/page"}],"author":[{"embeddable":true,"href":"https:\/\/www.cielmonordi.fr\/v2010\/cmo\/wp-json\/wp\/v2\/users\/4"}],"replies":[{"embeddable":true,"href":"https:\/\/www.cielmonordi.fr\/v2010\/cmo\/wp-json\/wp\/v2\/comments?post=11"}],"version-history":[{"count":5,"href":"https:\/\/www.cielmonordi.fr\/v2010\/cmo\/wp-json\/wp\/v2\/pages\/11\/revisions"}],"predecessor-version":[{"id":1505,"href":"https:\/\/www.cielmonordi.fr\/v2010\/cmo\/wp-json\/wp\/v2\/pages\/11\/revisions\/1505"}],"up":[{"embeddable":true,"href":"https:\/\/www.cielmonordi.fr\/v2010\/cmo\/wp-json\/wp\/v2\/pages\/115"}],"wp:attachment":[{"href":"https:\/\/www.cielmonordi.fr\/v2010\/cmo\/wp-json\/wp\/v2\/media?parent=11"}],"curies":[{"name":"wp","href":"https:\/\/api.w.org\/{rel}","templated":true}]}}