
{"id":1225,"date":"2015-10-03T19:19:15","date_gmt":"2015-10-03T17:19:15","guid":{"rendered":"http:\/\/www.cielmonordi.fr\/v2010\/cmo\/?page_id=1225"},"modified":"2016-02-03T14:59:50","modified_gmt":"2016-02-03T12:59:50","slug":"mentions-legales","status":"publish","type":"page","link":"https:\/\/www.cielmonordi.fr\/v2010\/cmo\/mentions-legales\/","title":{"rendered":"Mentions l\u00e9gales"},"content":{"rendered":"<h2>Conception et r\u00e9alisation :<\/h2>\n<p>Ciel mon Ordi<\/p>\n<h2>Direction de la publication :<\/h2>\n<p>Ciel mon Ordi<\/p>\n<h2>H\u00e9bergeur du site www.cielmonordi.fr :<\/h2>\n<p><a href=\"http:\/\/www.ovh.com\/\" target=\"_blank\">OVH<\/a><\/p>\n<h2>Responsabilit\u00e9 :<\/h2>\n<p style=\"text-align: justify;\">Le contenu de ce site ne peut \u00eatre copi\u00e9 et\/ou r\u00e9utilis\u00e9 \u00e0 des fins commerciales ou publicitaires. Il est la propri\u00e9t\u00e9 de Ciel mon Ordi. Tous les \u00e9l\u00e9ments (textes, images, ic\u00f4nes, etc.) contenus dans le site sont prot\u00e9g\u00e9s par le droit national et international de la propri\u00e9t\u00e9 intellectuelle. Ciel mon Ordi se r\u00e9serve le droit de modifier et\/ou de supprimer sans pr\u00e9avis tout ou partie de ses services. L\u2019utilisateur reconna\u00eet avoir pris connaissance des pr\u00e9sentes conditions g\u00e9n\u00e9rales d\u2019utilisation et s\u2019engage \u00e0 les respecter. Ciel mon Ordi se r\u00e9serve le droit de modifier la pr\u00e9sente notice \u00e0 tout moment.<\/p>\n<h2>Informations l\u00e9gales :<\/h2>\n<div class=\"su-row\">\n<div class=\"su-column su-column-size-1-2\"><div class=\"su-column-inner su-u-clearfix su-u-trim\">\n<p>Ciel mon Ordi<\/p>\n<p>47 Rue Marcel Dassault<\/p>\n<p>92100 Boulogne Billancourt<\/p>\n<\/div><\/div>\n<div class=\"su-column su-column-size-1-2\"><div class=\"su-column-inner su-u-clearfix su-u-trim\">\n<p>SARL au capital de 3600 \u20ac<\/p>\n<p>RCS Nanterre B 483 964 490<\/p>\n<p>Code APE 6202B<\/p>\n<\/div><\/div>\n<\/div>\n<p><\/p>","protected":false},"excerpt":{"rendered":"<p>Conception et r\u00e9alisation : Ciel mon Ordi Direction de la publication : Ciel mon Ordi H\u00e9bergeur du site www.cielmonordi.fr : OVH Responsabilit\u00e9 : Le contenu de ce site ne peut \u00eatre copi\u00e9 et\/ou r\u00e9utilis\u00e9 \u00e0 des fins commerciales ou publicitaires. Il est la propri\u00e9t\u00e9 de Ciel mon Ordi. Tous les \u00e9l\u00e9ments (textes, images, ic\u00f4nes, etc.)<br \/><a class=\"moretag\" href=\"https:\/\/www.cielmonordi.fr\/v2010\/cmo\/mentions-legales\/\">+ Lire la suite<\/a><\/p>\n","protected":false},"author":4,"featured_media":0,"parent":0,"menu_order":90,"comment_status":"closed","ping_status":"closed","template":"","meta":{"footnotes":""},"aioseo_notices":[],"_links":{"self":[{"href":"https:\/\/www.cielmonordi.fr\/v2010\/cmo\/wp-json\/wp\/v2\/pages\/1225"}],"collection":[{"href":"https:\/\/www.cielmonordi.fr\/v2010\/cmo\/wp-json\/wp\/v2\/pages"}],"about":[{"href":"https:\/\/www.cielmonordi.fr\/v2010\/cmo\/wp-json\/wp\/v2\/types\/page"}],"author":[{"embeddable":true,"href":"https:\/\/www.cielmonordi.fr\/v2010\/cmo\/wp-json\/wp\/v2\/users\/4"}],"replies":[{"embeddable":true,"href":"https:\/\/www.cielmonordi.fr\/v2010\/cmo\/wp-json\/wp\/v2\/comments?post=1225"}],"version-history":[{"count":5,"href":"https:\/\/www.cielmonordi.fr\/v2010\/cmo\/wp-json\/wp\/v2\/pages\/1225\/revisions"}],"predecessor-version":[{"id":1297,"href":"https:\/\/www.cielmonordi.fr\/v2010\/cmo\/wp-json\/wp\/v2\/pages\/1225\/revisions\/1297"}],"wp:attachment":[{"href":"https:\/\/www.cielmonordi.fr\/v2010\/cmo\/wp-json\/wp\/v2\/media?parent=1225"}],"curies":[{"name":"wp","href":"https:\/\/api.w.org\/{rel}","templated":true}]}}