
{"id":134,"date":"2009-10-08T22:52:10","date_gmt":"2009-10-08T20:52:10","guid":{"rendered":"http:\/\/www.cielmonordi.fr\/v2010\/cmo\/?page_id=134"},"modified":"2016-02-03T14:43:58","modified_gmt":"2016-02-03T12:43:58","slug":"la-facture-numerique","status":"publish","type":"page","link":"https:\/\/www.cielmonordi.fr\/v2010\/cmo\/tarifs\/la-facture-numerique\/","title":{"rendered":"La facture num\u00e9rique"},"content":{"rendered":"<p style=\"text-align: justify;\"><span style=\"font-family: verdana, geneva;\"><span style=\"font-family: verdana, geneva;\"><br \/>\n<\/span> <\/span><\/p>\n<div id=\"_mcePaste\" style=\"position: absolute; left: -10000px; top: 0px; width: 1px; height: 1px; overflow-x: hidden; overflow-y: hidden; text-align: justify;\"><span style=\"font-family: verdana, geneva;\">Factures et abonnements num\u00e9riques en hausse,<\/span><\/div>\n<div id=\"_mcePaste\" style=\"position: absolute; left: -10000px; top: 0px; width: 1px; height: 1px; overflow-x: hidden; overflow-y: hidden; text-align: justify;\"><span style=\"font-family: verdana, geneva;\">Pouvoir d\u2019achat en baisse,<\/span><\/div>\n<div id=\"_mcePaste\" style=\"position: absolute; left: -10000px; top: 0px; width: 1px; height: 1px; overflow-x: hidden; overflow-y: hidden; text-align: justify;\"><span style=\"font-family: verdana, geneva;\">Ciel, mon Ordi lance un nouveau service pour optimiser<\/span><\/div>\n<div id=\"_mcePaste\" style=\"position: absolute; left: -10000px; top: 0px; width: 1px; height: 1px; overflow-x: hidden; overflow-y: hidden; text-align: justify;\"><span style=\"font-family: verdana, geneva;\">le budget num\u00e9rique familial<\/span><\/div>\n<div id=\"_mcePaste\" style=\"position: absolute; left: -10000px; top: 0px; width: 1px; height: 1px; overflow-x: hidden; overflow-y: hidden; text-align: justify;\"><span style=\"font-family: verdana, geneva;\">Toujours plus d\u2019ordinateurs, de t\u00e9l\u00e9phones, de PDA, de forfaits Internet\u2026<\/span><\/div>\n<div id=\"_mcePaste\" style=\"position: absolute; left: -10000px; top: 0px; width: 1px; height: 1px; overflow-x: hidden; overflow-y: hidden; text-align: justify;\"><span style=\"font-family: verdana, geneva;\">Toujours plus d\u2019abonnements, de factures, de d\u00e9passements de forfaits\u2026<\/span><\/div>\n<div id=\"_mcePaste\" style=\"position: absolute; left: -10000px; top: 0px; width: 1px; height: 1px; overflow-x: hidden; overflow-y: hidden; text-align: justify;\"><span style=\"font-family: verdana, geneva;\">Avec \u00a0 un \u00a0 pouvoir \u00a0 d\u2019achat \u00a0 en \u00a0 baisse, \u00a0 les \u00a0 Fran\u00e7ais \u00a0 sont \u00a0 aujourd\u2019hui \u00a0 \u00e0 \u00a0 la<\/span><\/div>\n<div id=\"_mcePaste\" style=\"position: absolute; left: -10000px; top: 0px; width: 1px; height: 1px; overflow-x: hidden; overflow-y: hidden; text-align: justify;\"><span style=\"font-family: verdana, geneva;\">recherche \u00a0du \u00a0meilleur \u00a0rapport \u00a0qualit\u00e9\/prix. \u00a0Pour \u00a0r\u00e9pondre \u00a0\u00e0 \u00a0cette \u00a0demande, \u00a0la<\/span><\/div>\n<div id=\"_mcePaste\" style=\"position: absolute; left: -10000px; top: 0px; width: 1px; height: 1px; overflow-x: hidden; overflow-y: hidden; text-align: justify;\"><span style=\"font-family: verdana, geneva;\">soci\u00e9t\u00e9 \u00a0d\u2019assistance \u00a0informatique \u00a0Ciel, \u00a0mon \u00a0Ordi \u00a0propose \u00a0un \u00a0nouveau \u00a0service<\/span><\/div>\n<div id=\"_mcePaste\" style=\"position: absolute; left: -10000px; top: 0px; width: 1px; height: 1px; overflow-x: hidden; overflow-y: hidden; text-align: justify;\"><span style=\"font-family: verdana, geneva;\">de traque des d\u00e9penses num\u00e9riques surfactur\u00e9es.<\/span><\/div>\n<p style=\"text-align: justify;\"><span style=\"border-collapse: separate; font-family: 'Times New Roman'; line-height: normal; -webkit-border-horizontal-spacing: 0px; -webkit-border-vertical-spacing: 0px;\"><span style=\"font-family: verdana; font-size: 12px;\"> <\/span><\/span><\/p>\n<p style=\"margin-top: 0.4em; margin-right: 0px; margin-bottom: 1em; margin-left: 0px; line-height: 16px; text-align: justify; padding: 0px;\"><span style=\"font-family: verdana, geneva; padding: 0px; margin: 0px;\"><span style=\"padding: 0px; margin: 0px;\">En cassant les prix lors de son arriv\u00e9e sur le march\u00e9, le 4\u00b0 op\u00e9rateur de t\u00e9l\u00e9phonie mobile\u00a0bouleverse\u00a0le secteur. Face \u00e0 la r\u00e9plique de ses concurrents avec de nouvelles offres Internet et T\u00e9l\u00e9phonie, Ciel mon Ordi lance un nouveau service pour <\/span><\/span><span style=\"font-family: verdana, geneva; padding: 0px; margin: 0px;\"><span style=\"color: #ff0000; padding: 0px; margin: 0px;\"><strong>optimiser <\/strong><\/span>votre budget num\u00e9rique familial.<\/span><\/p>\n<p style=\"margin-top: 0.4em; margin-right: 0px; margin-bottom: 1em; margin-left: 0px; line-height: 16px; padding: 0px;\" align=\"center\"><span style=\"font-family: verdana, geneva; padding: 0px; margin: 0px;\"><img decoding=\"async\" loading=\"lazy\" style=\"margin-top: 4px; margin-right: 10px; margin-bottom: 4px; margin-left: 10px; border-top-left-radius: 4px 4px; border-top-right-radius: 4px 4px; border-bottom-right-radius: 4px 4px; border-bottom-left-radius: 4px 4px; padding: 3px; border: 1px initial initial;\" title=\"La facture num\u00e9rique\" src=\"http:\/\/www.cielmonordi.fr\/v2010\/cmo\/wp-content\/uploads\/2012\/03\/12516515_s.jpg\" alt=\"La facture num\u00e9rique\" width=\"320\" height=\"240\" \/><br style=\"padding: 0px; margin: 0px;\" \/><\/span><\/p>\n<p style=\"margin-top: 0.4em; margin-right: 0px; margin-bottom: 1em; margin-left: 0px; line-height: 16px; text-align: center; padding: 0px;\"><span style=\"color: #0000ff; padding: 0px; margin: 0px;\"><span style=\"font-size: small; padding: 0px; margin: 0px;\"><span style=\"font-family: verdana, geneva; padding: 0px; margin: 0px;\"> <\/span><\/span><\/span><\/p>\n<p style=\"margin-top: 0.4em; margin-right: 0px; margin-bottom: 1em; margin-left: 0px; line-height: 16px; text-align: justify; padding: 0px;\"><span style=\"font-family: verdana, geneva; padding: 0px; margin: 0px;\"><span style=\"padding: 0px; margin: 0px;\"><span style=\"color: #ff0000; font-weight: bold; padding: 0px; margin: 0px;\">L\u2019audit des factures num\u00e9riques\u00a0une offre exclusive Ciel mon Ordi permettant de diminuer de 30 \u00e0 60% vos d\u00e9penses num\u00e9riques.<\/span><\/span><\/span><\/p>\n<p style=\"margin-top: 0.4em; margin-right: 0px; margin-bottom: 1em; margin-left: 0px; line-height: 16px; text-align: justify; padding: 0px;\"><span style=\"font-family: verdana, geneva; padding: 0px; margin: 0px;\"><span style=\"padding: 0px; margin: 0px;\"><span style=\"color: #ff0000; font-weight: bold; padding: 0px; margin: 0px;\"> <\/span><\/span><\/span><span style=\"font-family: verdana, geneva; font-weight: bold;\">D\u00e9mocratisation \u00a0de \u00a0l\u2019informatique \u00a0et \u00a0explosion \u00a0de \u00a0la \u00a0facture num\u00e9rique des\u00a0Fran\u00e7ais<\/span><\/p>\n<p style=\"text-align: justify;\"><span style=\"font-family: verdana, geneva;\">Ces derni\u00e8res ann\u00e9es, l\u2019informatique familiale a connu un boom incroyable. Au\u00a0sein \u00a0d\u2019une \u00a0m\u00eame \u00a0famille, \u00a0on compte \u00a0aujoud&#8217;hui \u00a0pr\u00e8s d&#8217;un ordinateur par\u00a0personne. Devenu un v\u00e9ritable objet personnel, il fait le bonheur des\u00a0adolescents et des \u00e9tudiants qui ne peuvent plus s\u2019en passer, mais \u00e9galement\u00a0des parents et des seniors.<\/span><\/p>\n<p style=\"text-align: justify;\"><span style=\"font-family: verdana, geneva;\">Pour r\u00e9pondre \u00e0 l\u2019arriv\u00e9e de ces nouvelles technologies, de nombreuses offres\u00a0num\u00e9riques se sont d\u00e9velopp\u00e9es, faisant d\u00e9couvrir aux consommateurs des\u00a0services comme la VOD, le t\u00e9l\u00e9phone via Internet, les forfaits de\u00a0communication sp\u00e9cifiques&#8230;<\/span><\/p>\n<p style=\"text-align: justify;\"><span style=\"font-family: verdana, geneva;\">La multiplication de toutes ces offres et\u00a0leur attrait de nouveaut\u00e9 a\u00a0s\u00e9rieusement fait grimper le budget num\u00e9rique familial. Dans la jungle des factures, il n\u2019est\u00a0donc pas rare de se perdre au d\u00e9tour des offres et des options, et de\u00a0cumuler ainsi les m\u00eames prestations, chez diff\u00e9rents op\u00e9rateurs.<\/span><\/p>\n<p style=\"text-align: justify;\"><span style=\"font-family: verdana, geneva;\">Ciel mon Ordi propose aujourd\u2019hui un audit des factures num\u00e9riques des foyers afin d\u2019identifier les \u00e9conomies possibles et leur proposer des solutions mieux adapt\u00e9es \u00e0 leurs usages. Le diagnostic commence par un \u00ab\u00e9pluchage\u00bb des factures num\u00e9riques pour\u00a0comprendre les besoins de la famille et trouver des services correspondant \u00e0\u00a0leur budget et \u00e0 leurs attentes : meilleure utilisation d\u2019Internet, \u00e9volution des\u00a0forfaits de t\u00e9l\u00e9phones portables vers des offres plus ad\u00e9quates\u2026<\/span><\/p>\n<p style=\"text-align: justify;\"><span style=\"font-family: verdana, geneva;\">Ciel mon Ordi s\u2019occupe des diff\u00e9rentes d\u00e9marches d\u2019abonnements, de mise en place ou de r\u00e9siliation. Au final, ce service permet de diminuer de 30 \u00e0\u00a060% les co\u00fbts num\u00e9riques d\u2019une famille.<\/span><\/p>\n<p style=\"text-align: justify;\"><span style=\"font-family: verdana, geneva;\"><a href=\"http:\/\/lafacturenumerique.fr\/\" target=\"_blank\">Plus d&#8217;informations <\/a><\/span><\/p>\n<p style=\"text-align: justify;\"><span style=\"font-family: verdana, geneva;\">.<\/span><\/p>\n<p><\/p>","protected":false},"excerpt":{"rendered":"<p>Factures et abonnements num\u00e9riques en hausse, Pouvoir d\u2019achat en baisse, Ciel, mon Ordi lance un nouveau service pour optimiser le budget num\u00e9rique familial Toujours plus d\u2019ordinateurs, de t\u00e9l\u00e9phones, de PDA, de forfaits Internet\u2026 Toujours plus d\u2019abonnements, de factures, de d\u00e9passements de forfaits\u2026 Avec \u00a0 un \u00a0 pouvoir \u00a0 d\u2019achat \u00a0 en \u00a0 baisse, \u00a0 les<br \/><a class=\"moretag\" href=\"https:\/\/www.cielmonordi.fr\/v2010\/cmo\/tarifs\/la-facture-numerique\/\">+ Lire la suite<\/a><\/p>\n","protected":false},"author":4,"featured_media":0,"parent":109,"menu_order":350,"comment_status":"closed","ping_status":"closed","template":"","meta":{"footnotes":""},"aioseo_notices":[],"_links":{"self":[{"href":"https:\/\/www.cielmonordi.fr\/v2010\/cmo\/wp-json\/wp\/v2\/pages\/134"}],"collection":[{"href":"https:\/\/www.cielmonordi.fr\/v2010\/cmo\/wp-json\/wp\/v2\/pages"}],"about":[{"href":"https:\/\/www.cielmonordi.fr\/v2010\/cmo\/wp-json\/wp\/v2\/types\/page"}],"author":[{"embeddable":true,"href":"https:\/\/www.cielmonordi.fr\/v2010\/cmo\/wp-json\/wp\/v2\/users\/4"}],"replies":[{"embeddable":true,"href":"https:\/\/www.cielmonordi.fr\/v2010\/cmo\/wp-json\/wp\/v2\/comments?post=134"}],"version-history":[{"count":5,"href":"https:\/\/www.cielmonordi.fr\/v2010\/cmo\/wp-json\/wp\/v2\/pages\/134\/revisions"}],"predecessor-version":[{"id":643,"href":"https:\/\/www.cielmonordi.fr\/v2010\/cmo\/wp-json\/wp\/v2\/pages\/134\/revisions\/643"}],"up":[{"embeddable":true,"href":"https:\/\/www.cielmonordi.fr\/v2010\/cmo\/wp-json\/wp\/v2\/pages\/109"}],"wp:attachment":[{"href":"https:\/\/www.cielmonordi.fr\/v2010\/cmo\/wp-json\/wp\/v2\/media?parent=134"}],"curies":[{"name":"wp","href":"https:\/\/api.w.org\/{rel}","templated":true}]}}