
{"id":1416,"date":"2016-09-11T18:37:17","date_gmt":"2016-09-11T16:37:17","guid":{"rendered":"http:\/\/www.cielmonordi.fr\/v2010\/cmo\/?page_id=1416"},"modified":"2020-11-24T10:32:56","modified_gmt":"2020-11-24T08:32:56","slug":"repondre-a-lenquete-de-satisfaction-client","status":"publish","type":"page","link":"https:\/\/www.cielmonordi.fr\/v2010\/cmo\/nous-contacter\/repondre-a-lenquete-de-satisfaction-client\/","title":{"rendered":"R\u00e9pondre \u00e0 l\u2019enqu\u00eate de satisfaction client"},"content":{"rendered":"<p style=\"text-align: justify;\">Nous avons effectu\u00e9 une intervention \u00e0 votre domicile r\u00e9cemment, vous voulez r\u00e9pondre \u00e0 l\u2019enqu\u00eate de satisfaction ? Il vous suffit de cliquer sur le lien suivant et de consacrer environ trois minutes \u00e0 notre questionnaire pour nous faire part de votre avis.<\/p>\n<p style=\"text-align: center;\"><a class=\"typeform-share button\" href=\"https:\/\/cielmonordi.typeform.com\/to\/lzJMSG\" target=\"_blank\" data-mode=\"1\">R\u00e9pondre \u00e0 l&#8217;enqu\u00eate satisfaction client<\/a><\/p>\n<p><script>(function(){var qs,js,q,s,d=document,gi=d.getElementById,ce=d.createElement,gt=d.getElementsByTagName,id='typef_orm',b='https:\/\/s3-eu-west-1.amazonaws.com\/share.typeform.com\/';if(!gi.call(d,id)){js=ce.call(d,'script');js.id=id;js.src=b+'share.js';q=gt.call(d,'script')[0];q.parentNode.insertBefore(js,q)}id=id+'_';if(!gi.call(d,id)){qs=ce.call(d,'link');qs.rel='stylesheet';qs.id=id;qs.href=b+'share-button.css';s=gt.call(d,'head')[0];s.appendChild(qs,s)}})()<\/script><\/p>\n<p><\/p>","protected":false},"excerpt":{"rendered":"<p>Nous avons effectu\u00e9 une intervention \u00e0 votre domicile r\u00e9cemment, vous voulez r\u00e9pondre \u00e0 l\u2019enqu\u00eate de satisfaction ? Il vous suffit de cliquer sur le lien suivant et de consacrer environ trois minutes \u00e0 notre questionnaire pour nous faire part de votre avis. R\u00e9pondre \u00e0 l&#8217;enqu\u00eate satisfaction client<\/p>\n","protected":false},"author":164,"featured_media":0,"parent":1961,"menu_order":99,"comment_status":"closed","ping_status":"closed","template":"","meta":{"footnotes":""},"aioseo_notices":[],"_links":{"self":[{"href":"https:\/\/www.cielmonordi.fr\/v2010\/cmo\/wp-json\/wp\/v2\/pages\/1416"}],"collection":[{"href":"https:\/\/www.cielmonordi.fr\/v2010\/cmo\/wp-json\/wp\/v2\/pages"}],"about":[{"href":"https:\/\/www.cielmonordi.fr\/v2010\/cmo\/wp-json\/wp\/v2\/types\/page"}],"author":[{"embeddable":true,"href":"https:\/\/www.cielmonordi.fr\/v2010\/cmo\/wp-json\/wp\/v2\/users\/164"}],"replies":[{"embeddable":true,"href":"https:\/\/www.cielmonordi.fr\/v2010\/cmo\/wp-json\/wp\/v2\/comments?post=1416"}],"version-history":[{"count":2,"href":"https:\/\/www.cielmonordi.fr\/v2010\/cmo\/wp-json\/wp\/v2\/pages\/1416\/revisions"}],"predecessor-version":[{"id":2075,"href":"https:\/\/www.cielmonordi.fr\/v2010\/cmo\/wp-json\/wp\/v2\/pages\/1416\/revisions\/2075"}],"up":[{"embeddable":true,"href":"https:\/\/www.cielmonordi.fr\/v2010\/cmo\/wp-json\/wp\/v2\/pages\/1961"}],"wp:attachment":[{"href":"https:\/\/www.cielmonordi.fr\/v2010\/cmo\/wp-json\/wp\/v2\/media?parent=1416"}],"curies":[{"name":"wp","href":"https:\/\/api.w.org\/{rel}","templated":true}]}}