
{"id":15,"date":"2009-10-04T16:42:47","date_gmt":"2009-10-04T14:42:47","guid":{"rendered":"http:\/\/www.cielmonordi.fr\/v2010\/cmo\/?page_id=15"},"modified":"2018-07-17T10:51:29","modified_gmt":"2018-07-17T08:51:29","slug":"revue-de-presse","status":"publish","type":"page","link":"https:\/\/www.cielmonordi.fr\/v2010\/cmo\/qui-sommes-nous\/revue-de-presse\/","title":{"rendered":"Revue de presse"},"content":{"rendered":"<table border=\"0\">\n<tbody>\n<tr>\n<td><strong><span style=\"font-family: verdana, geneva;\">Ciel Mon Ordi dans la presse \u00e9crite<\/span><\/strong><\/td>\n<td><strong><span style=\"font-family: verdana, geneva;\">\u00e0 la t\u00e9l\u00e9 et \u00e0 la radio<\/span><\/strong><\/td>\n<\/tr>\n<tr valign=\"top\">\n<td><span style=\"font-family: verdana, geneva;\"><a href=\"http:\/\/www.cielmonordi.fr\/v2010\/cmo\/wp-content\/uploads\/2009\/10\/2010_06_sap0001.pdf\">Les Services \u00e0 la personne Mars 2010<\/a><\/span><\/p>\n<p><a href=\"http:\/\/www.cielmonordi.fr\/data\/documents\/DP%20Ciel%20mon%20Ordi.pdf\" target=\"_blank\"><span style=\"font-family: verdana, geneva;\">Communiqu\u00e9 de presse D\u00e9c. 2008<\/span><\/a><\/p>\n<p><a href=\"http:\/\/www.cielmonordi.fr\/data\/documents\/2008_12_vivre%20plus.pdf\" target=\"_blank\"><span style=\"font-family: verdana, geneva;\">Vivre Plus D\u00e9c. 2008<\/span><\/a><\/p>\n<p><a href=\"http:\/\/www.cielmonordi.fr\/data\/documents\/2008_11_femme%20actuelle.pdf\" target=\"_blank\"><span style=\"font-family: verdana, geneva;\">Femme Actuelle Nov. 2008<\/span><\/a><\/p>\n<p><a href=\"http:\/\/www.cielmonordi.fr\/data\/documents\/2008_09_info%20utiles.pdf\" target=\"_blank\"><span style=\"font-family: verdana, geneva;\">InfosUtiles.fr Sept 2008<\/span><\/a><\/p>\n<p><a href=\"http:\/\/www.cielmonordi.fr\/data\/documents\/2008_07_itrnews.pdf\" target=\"_blank\"><span style=\"font-family: verdana, geneva;\">ITR News Juillet 2008<\/span><\/a><\/p>\n<p><a href=\"http:\/\/www.cielmonordi.fr\/data\/documents\/01net_05_2007.pdf\" target=\"_blank\"><span style=\"font-family: verdana, geneva;\">01 net 15 Mai 2007<\/span><\/a><\/p>\n<p><a href=\"http:\/\/www.cielmonordi.fr\/data\/documents\/2006_22_elle.pdf\" target=\"_blank\"><span style=\"font-family: verdana, geneva;\">Elle d\u00e9cembre 2006<\/span><\/a><\/p>\n<p><a href=\"http:\/\/www.cielmonordi.fr\/data\/documents\/2006_21_vivreplus.jpg\" target=\"_blank\"><span style=\"font-family: verdana, geneva;\">Vivre plus septembre 2006<\/span><\/a><\/p>\n<p><a href=\"http:\/\/www.cielmonordi.fr\/data\/documents\/2006_20_tribunesaintropez.jpg\" target=\"_blank\"><span style=\"font-family: verdana, geneva;\">La Tribune de St Tropez \u00e9t\u00e9 2006<\/span><\/a><\/p>\n<p><a href=\"http:\/\/www.cielmonordi.fr\/data\/documents\/2006_19_Petits_matins_saintTropez_Juillet06.jpg\" target=\"_blank\"><span style=\"font-family: verdana, geneva;\">Les petits matins de St Tropez 22 juillet 2006<\/span><\/a><\/p>\n<p><a href=\"http:\/\/www.cielmonordi.fr\/data\/documents\/2006_18_itrmanager.jpg\" target=\"_blank\"><span style=\"font-family: verdana, geneva;\">ITRmanager 22 juin 2006<\/span><\/a><\/p>\n<p><a href=\"http:\/\/www.cielmonordi.fr\/data\/documents\/2006_16_figaro.jpg\" target=\"_blank\"><span style=\"font-family: verdana, geneva;\">Le Figaro 10 mai 2006<\/span><\/a><\/p>\n<p><a href=\"http:\/\/www.cielmonordi.fr\/data\/documents\/2006_14_NOTRE_TEMPS_light.jpg\" target=\"_blank\"><span style=\"font-family: verdana, geneva;\">Notre Temps avril 2006<\/span><\/a><\/p>\n<p><a href=\"http:\/\/www.cielmonordi.fr\/data\/documents\/2006_13_INTERNET_PRATIQUE_2_light.jpg\" target=\"_blank\"><span style=\"font-family: verdana, geneva;\">Internet pratique avril 2006<\/span><\/a><\/p>\n<p><a href=\"http:\/\/www.cielmonordi.fr\/data\/documents\/2006_12_brefrhonealpes.jpg\" target=\"_blank\"><span style=\"font-family: verdana, geneva;\">Bref Rh\u00f4ne Alpes 15 mars 2006<\/span><\/a><\/p>\n<p><a href=\"http:\/\/www.cielmonordi.fr\/data\/documents\/2006_10_leprogres.jpg\" target=\"_blank\"><span style=\"font-family: verdana, geneva;\">Le progr\u00e8s 10 mars 2006<\/span><\/a><\/p>\n<p><a href=\"http:\/\/www.cielmonordi.fr\/data\/documents\/2006_09_ZURBAN.JPG\" target=\"_blank\"><span style=\"font-family: verdana, geneva;\">Zurban mars 2006<\/span><\/a><\/p>\n<p><a href=\"http:\/\/www.cielmonordi.fr\/data\/documents\/2006_08_DISTRIBUTIQUE_lyon.pdf\" target=\"_blank\"><span style=\"font-family: verdana, geneva;\">Distributique 22 f\u00e9vrier 2006<\/span><\/a><\/p>\n<p><a href=\"http:\/\/www.cielmonordi.fr\/data\/documents\/2006_07_DECISION_INFORMATIQUE.pdf\" target=\"_blank\"><span style=\"font-family: verdana, geneva;\">D\u00e9cision  Informatique f\u00e9vrier 2006<\/span><\/a><\/p>\n<p><a href=\"http:\/\/www.cielmonordi.fr\/data\/documents\/2006_06_fairesavoirfaire.com.pdf\" target=\"_blank\"><span style=\"font-family: verdana, geneva;\">Faire savoir.com 15 f\u00e9vrier 2006<\/span><\/a><\/p>\n<p><a href=\"http:\/\/www.cielmonordi.fr\/data\/documents\/2006_05_ENTREPRENDRE.pdf\" target=\"_blank\"><span style=\"font-family: verdana, geneva;\">Entrepresndre f\u00e9vrier 2006<\/span><\/a><\/p>\n<p><a href=\"http:\/\/www.cielmonordi.fr\/data\/documents\/2006_04_WINDOWS_NEWS_LIGHT.pdf\" target=\"_blank\"><span style=\"font-family: verdana, geneva;\">Windows  news janvier 2006<\/span><\/a><\/p>\n<p><a href=\"http:\/\/www.cielmonordi.fr\/data\/documents\/2006_03_TRANSFAC_light.jpg\" target=\"_blank\"><span style=\"font-family: verdana, geneva;\">Transfac janvier 2006<\/span><\/a><\/p>\n<p><a href=\"http:\/\/www.cielmonordi.fr\/data\/documents\/2006_02_DISTRIBUTIQUE_campus.pdf\" target=\"_blank\"><span style=\"font-family: verdana, geneva;\">Les Distributique 18 janvier 2006<\/span><\/a><\/p>\n<p><a href=\"http:\/\/www.cielmonordi.fr\/data\/documents\/INTERNET_PRATIQUE_Page_3.pdf\" target=\"_blank\"><span style=\"font-family: verdana, geneva;\"> 1\u00e8re place Ciel mon Ordi : L&#8217;internet pratique d\u00e9cembre 05<\/span><\/a><\/p>\n<p><a href=\"http:\/\/www.cielmonordi.fr\/data\/documents\/FAMILLE_CHRETIENNE_light.pdf\" target=\"_blank\"><span style=\"font-family: verdana, geneva;\">Famille Chr\u00e9tienne 12 novembre 05<\/span><\/a><\/p>\n<p><a href=\"http:\/\/www.cielmonordi.fr\/data\/documents\/parisien_light.pdf\" target=\"_blank\"><span style=\"font-family: verdana, geneva;\">Le Parisien 29 octobre 2005<\/span><\/a><\/p>\n<p><a href=\"http:\/\/www.cielmonordi.fr\/data\/documents\/SVMac.pdf\" target=\"_blank\"><span style=\"font-family: verdana, geneva;\">Sciences et Vie MAC Novembre 2005<\/span><\/a><\/p>\n<p><a href=\"http:\/\/www.cielmonordi.fr\/data\/documents\/PC_DIRECT.pdf\" target=\"_blank\"><span style=\"font-family: verdana, geneva;\">PC Direct Novembre 2005<\/span><\/a><\/p>\n<p><a href=\"http:\/\/www.cielmonordi.fr\/data\/documents\/MICRO_ACTUEL_1.pdf\" target=\"_blank\"><span style=\"font-family: verdana, geneva;\">Micro actuel Novembre 2005<\/span><\/a><\/p>\n<p><a href=\"http:\/\/www.cielmonordi.fr\/data\/documents\/point-net-2002-light.pdf\" target=\"_blank\"><span style=\"font-family: verdana, geneva;\">Point Net Octobre 2005<\/span><\/a><\/p>\n<p><a href=\"http:\/\/www.cielmonordi.fr\/data\/documents\/mieux%20vivre.pdf\" target=\"_blank\"><span style=\"font-family: verdana, geneva;\">Mieux vivre votre argent septembre 2005<\/span><\/a><\/p>\n<p><a href=\"http:\/\/www.cielmonordi.fr\/data\/documents\/20minutes.pdf\" target=\"_blank\"><span style=\"font-family: verdana, geneva;\">20 minutes 13 septembre 2005<\/span><\/a><\/p>\n<p><a href=\"http:\/\/www.cielmonordi.fr\/data\/documents\/elle_light.pdf\" target=\"_blank\"><span style=\"font-family: verdana, geneva;\">Elle 12 septembre 2005<\/span><\/a><\/p>\n<p><a href=\"http:\/\/www.cielmonordi.fr\/data\/documents\/telerama_light.pdf\" target=\"_blank\"><span style=\"font-family: verdana, geneva;\">T\u00e9l\u00e9rama 7 septembre 2005<\/span><\/a><\/p>\n<p><a href=\"http:\/\/www.cielmonordi.fr\/data\/documents\/HighTech.pdf\" target=\"_blank\"><span style=\"font-family: verdana, geneva;\">High Tech Magazine Septembre 2005<\/span><\/a><\/p>\n<p><a href=\"http:\/\/www.cielmonordi.fr\/data\/documents\/df.pdf\" target=\"_blank\"><span style=\"font-family: verdana, geneva;\">Dossier Familial septembre 2005<\/span><\/a><\/p>\n<p><a href=\"http:\/\/www.cielmonordi.fr\/data\/documents\/pc%20achat%20light.pdf\" target=\"_blank\"><span style=\"font-family: verdana, geneva;\">PC Achat septembre 2005<\/span><\/a><\/p>\n<p><a href=\"http:\/\/www.cielmonordi.fr\/data\/documents\/Ideat.pdf\" target=\"_blank\"><span style=\"font-family: verdana, geneva;\">Ideat Septembre 2005<\/span><\/a><\/p>\n<p><a href=\"http:\/\/www.cielmonordi.fr\/data\/documents\/tentation%20ete%202005.pdf\" target=\"_blank\"><span style=\"font-family: verdana, geneva;\">Tentation \u00e9t\u00e9 2005<\/span><\/a><\/p>\n<p><a href=\"http:\/\/www.cielmonordi.fr\/data\/documents\/bien_dans_ma_vie_aout_2005.pdf\" target=\"_blank\"><span style=\"font-family: verdana, geneva;\">Bien dans ma vie Ao\u00fbt 2005<\/span><\/a><\/p>\n<p><a href=\"http:\/\/www.cielmonordi.fr\/data\/documents\/Paru_Vendu.pdf\" target=\"_blank\"><span style=\"font-family: verdana, geneva;\">Paru Vendu Juillet 2005<\/span><\/a><\/p>\n<p><a href=\"http:\/\/www.cielmonordi.fr\/data\/documents\/vivre_feminin_07_2005.pdf\" target=\"_blank\"><span style=\"font-family: verdana, geneva;\">Vivre au feminin Juillet 2005<\/span><\/a><\/p>\n<p><a href=\"http:\/\/www.cielmonordi.fr\/data\/documents\/JDD_03_07_2005.pdf\" target=\"_blank\"><span style=\"font-family: verdana, geneva;\">Le Journal du Dimanche &#8211; Version F\u00e9mina 3 Juillet<\/span><\/a><\/p>\n<p><a href=\"http:\/\/www.cielmonordi.fr\/data\/documents\/quotidien_med.pdf\" target=\"_blank\"><span style=\"font-family: verdana, geneva;\">Le Quotidien du m\u00e9decin 23 Juin 2005<\/span><\/a><\/p>\n<p><a href=\"http:\/\/www.cielmonordi.fr\/data\/documents\/panorama_med_light.pdf\" target=\"_blank\"><span style=\"font-family: verdana, geneva;\">Panorama du m\u00e9decin 23 Mai 2005<\/span><\/a><\/p>\n<p><a href=\"http:\/\/www.linternaute.com\/guides\/fiche\/1486\/ciel_mon_ordi.html\" target=\"_blank\"><span style=\"font-family: verdana, geneva;\">L&#8217;internaute magazine 1 Avril 2005<\/span><\/a><\/p>\n<p><a href=\"http:\/\/www.cielmonordi.fr\/data\/documents\/Prima_04_2005_light.pdf\" target=\"_blank\"><span style=\"font-family: verdana, geneva;\">Prima Avril 2005<\/span><\/a><\/p>\n<p><a href=\"http:\/\/www.cielmonordi.fr\/data\/documents\/top_famille_04_2005.pdf\" target=\"_blank\"><span style=\"font-family: verdana, geneva;\">Top Famille Avril 2005<\/span><\/a><\/p>\n<p><a href=\"http:\/\/www.cielmonordi.fr\/data\/documents\/Jdd_27_02_2005.pdf\" target=\"_blank\"><span style=\"font-family: verdana, geneva;\">Le Journal du dimanche 27 f\u00e9vrier 2005<\/span><\/a><\/p>\n<p><a href=\"http:\/\/www.cielmonordi.fr\/data\/documents\/Courrier_cadre_06_01_2005.pdf\" target=\"_blank\"><span style=\"font-family: verdana, geneva;\">Courrier Cadres 6 Janvier 2005<\/span><\/a><\/p>\n<p><a href=\"http:\/\/www.cielmonordi.fr\/data\/documents\/01net_03_12_2004.pdf\" target=\"_blank\"><span style=\"font-family: verdana, geneva;\">01.net 3 d\u00e9cembre 2004<\/span><\/a><\/td>\n<td><a href=\"..\/..\/..\/data\/documents\/2006_17_rmcinfo_light.mp3\" target=\"_blank\"><span style=\"font-family: verdana, geneva;\">RMC Info de quoi je me mail<\/span><\/a><\/p>\n<p><a href=\"..\/..\/..\/data\/documents\/2006_15_TLM.avi\" target=\"_blank\"><span style=\"font-family: verdana, geneva;\">T\u00e9l\u00e9 Lyon M\u00e9tropole avril 2006<\/span><\/a><\/p>\n<p><a href=\"..\/..\/..\/data\/documents\/2006_11_france_bleu.mp3\" target=\"_blank\"><span style=\"font-family: verdana, geneva;\">Radio  France bleue IdF mars 2006<\/span><\/a><\/p>\n<p><a href=\"..\/..\/..\/data\/documents\/2006_01_CMO%20RTL2.mp3\" target=\"_blank\"><span style=\"font-family: verdana, geneva;\">Radio RTL2 janvier 2006<\/span><\/a><\/p>\n<p><a href=\"..\/..\/..\/data\/documents\/2005_08_cityradio.mp3\" target=\"_blank\"><span style=\"font-family: verdana, geneva;\">La City Radio 12 septembre 2005<\/span><\/a><\/p>\n<p><a href=\"..\/..\/..\/data\/documents\/telematin.avi\" target=\"_blank\"><span style=\"font-family: verdana, geneva;\">France 2 T\u00e9l\u00e9matin Laura du Web du 9 juin 2005<\/span><\/a><\/td>\n<\/tr>\n<\/tbody>\n<\/table>\n<p><\/p>","protected":false},"excerpt":{"rendered":"<p>Ciel Mon Ordi dans la presse \u00e9crite \u00e0 la t\u00e9l\u00e9 et \u00e0 la radio Les Services \u00e0 la personne Mars 2010 Communiqu\u00e9 de presse D\u00e9c. 2008 Vivre Plus D\u00e9c. 2008 Femme Actuelle Nov. 2008 InfosUtiles.fr Sept 2008 ITR News Juillet 2008 01 net 15 Mai 2007 Elle d\u00e9cembre 2006 Vivre plus septembre 2006 La Tribune<br \/><a class=\"moretag\" href=\"https:\/\/www.cielmonordi.fr\/v2010\/cmo\/qui-sommes-nous\/revue-de-presse\/\">+ Lire la suite<\/a><\/p>\n","protected":false},"author":164,"featured_media":0,"parent":4,"menu_order":230,"comment_status":"closed","ping_status":"closed","template":"","meta":{"footnotes":""},"aioseo_notices":[],"_links":{"self":[{"href":"https:\/\/www.cielmonordi.fr\/v2010\/cmo\/wp-json\/wp\/v2\/pages\/15"}],"collection":[{"href":"https:\/\/www.cielmonordi.fr\/v2010\/cmo\/wp-json\/wp\/v2\/pages"}],"about":[{"href":"https:\/\/www.cielmonordi.fr\/v2010\/cmo\/wp-json\/wp\/v2\/types\/page"}],"author":[{"embeddable":true,"href":"https:\/\/www.cielmonordi.fr\/v2010\/cmo\/wp-json\/wp\/v2\/users\/164"}],"replies":[{"embeddable":true,"href":"https:\/\/www.cielmonordi.fr\/v2010\/cmo\/wp-json\/wp\/v2\/comments?post=15"}],"version-history":[{"count":5,"href":"https:\/\/www.cielmonordi.fr\/v2010\/cmo\/wp-json\/wp\/v2\/pages\/15\/revisions"}],"predecessor-version":[{"id":149,"href":"https:\/\/www.cielmonordi.fr\/v2010\/cmo\/wp-json\/wp\/v2\/pages\/15\/revisions\/149"}],"up":[{"embeddable":true,"href":"https:\/\/www.cielmonordi.fr\/v2010\/cmo\/wp-json\/wp\/v2\/pages\/4"}],"wp:attachment":[{"href":"https:\/\/www.cielmonordi.fr\/v2010\/cmo\/wp-json\/wp\/v2\/media?parent=15"}],"curies":[{"name":"wp","href":"https:\/\/api.w.org\/{rel}","templated":true}]}}