
{"id":1935,"date":"2020-11-16T11:15:23","date_gmt":"2020-11-16T09:15:23","guid":{"rendered":"https:\/\/www.cielmonordi.fr\/v2010\/cmo\/?page_id=1935"},"modified":"2022-11-17T09:08:24","modified_gmt":"2022-11-17T07:08:24","slug":"site-e-commerce","status":"publish","type":"page","link":"https:\/\/www.cielmonordi.fr\/v2010\/cmo\/sites-web\/site-e-commerce\/","title":{"rendered":"Site e-commerce"},"content":{"rendered":"<p style=\"text-align: center;\"><span style=\"font-size: 14pt;\"><strong>Formule \u00e0 1999\u20ac HT tout compris*<\/strong><\/span><\/p>\n<ul style=\"text-align: justify;\">\n<li>Site livr\u00e9 cl\u00e9 en main et sans aucun frais suppl\u00e9mentaire. Vous \u00eates<strong> propri\u00e9taire<\/strong> de votre site.<\/li>\n<li>Choix parmi de nombreux th\u00e8mes graphiques adapt\u00e9s \u00e0 vos attentes et int\u00e9gration de votre logo.<\/li>\n<li>Site en mode Responsive pour s&#8217;adapter automatiquement \u00e0 la lecture sur les diff\u00e9rents supports (ordinateur, tablettes, smartphones, &#8230;).<\/li>\n<li>Site s\u00e9curis\u00e9 SSL<\/li>\n<li>Structure g\u00e9n\u00e9rale du site : 5 pages r\u00e9alis\u00e9es pour pr\u00e9senter votre activit\u00e9, vos services ou vos produits + int\u00e9gration de vos contenus fournis par vos soins (logo, textes et photos sous format exploitable)<\/li>\n<li>Structure obligatoire du site : 4 pages Formulaire de Contact, Mentions L\u00e9gales, Politique de Confidentialit\u00e9 et Conditions G\u00e9n\u00e9rales de Vente<\/li>\n<li>Site d\u00e9velopp\u00e9 avec WooCommerce<\/li>\n<li>Int\u00e9gration de vos produits (10 maxi) descriptifs, cat\u00e9gories, variantes<\/li>\n<li>Nombre de cat\u00e9gories de produits, des clients, des commandes, des factures, des bons de livraison, des avoirs, du stock , des promotions, illimit\u00e9s<\/li>\n<li>Liens vers vos r\u00e9seaux sociaux (Facebook, Twitter, Google+ &#8230;)<\/li>\n<li>Interface d&#8217;administration de votre site pour la gestion de votre boutique (produits, commandes, clients, facturation etc &#8230;).<\/li>\n<li>Formation \u00e0 l&#8217;administration du site 1 journ\u00e9e<\/li>\n<li>R\u00e9servation de votre nom de domaine et de votre h\u00e9bergement premi\u00e8re ann\u00e9e incluse**<\/li>\n<li>Installation de votre site.<\/li>\n<li>R\u00e9f\u00e9rencement naturel SEO :\n<ul>\n<li>Balises &#8220;titres&#8221;, &#8220;description&#8221; et &#8220;mots cl\u00e9s&#8221; optimis\u00e9es pour les pages<\/li>\n<li>R\u00e9\u00e9criture des URLs;<\/li>\n<li>Plan du site (Site Map format xml);<\/li>\n<li>Optimisation du chargement des fichiers CSS et JavaScript;<\/li>\n<li>R\u00e9f\u00e9rencement de votre site sur les moteurs de recherche Google, Bing et Yahoo.<\/li>\n<\/ul>\n<\/li>\n<\/ul>\n<ul style=\"text-align: justify;\">\n<li>Premier RdV en pr\u00e9sentiel pour l&#8217;\u00e9tude de\u00a0votre projet et valider le devis gratuitement sans engagement. Apr\u00e8s acceptation du devis, nous vous faisons des propositions graphiques de votre site selon vos attentes.<\/li>\n<li>Nous installons le site directement en ligne pour que vous puissiez voir le d\u00e9roulement du projet pas \u00e0 pas<\/li>\n<li>Nous int\u00e9grons vos contenus (textes, photos, vid\u00e9os &#8230;).<\/li>\n<li>Lors de la livraison du site, vous \u00eates <strong>propri\u00e9taire<\/strong> de votre site, il n&#8217;y a pas d&#8217;abonnement, et vous pouvez acc\u00e9der \u00e0 l&#8217;interface d&#8217;administration du site pour mettre \u00e0 jour votre contenu d\u00e8s que vous le souhaitez.<\/li>\n<\/ul>\n<p style=\"text-align: justify;\"><div class=\"su-button-center\"><a href=\"https:\/\/www.cielmonordi.fr\/v2010\/cmo\/sites-web\/nous-contacter\/\" class=\"su-button su-button-style-default\" style=\"color:#FFFFFF;background-color:#92120a;border-color:#750f08;border-radius:5px;-moz-border-radius:5px;-webkit-border-radius:5px\" target=\"_self\"><span style=\"color:#FFFFFF;padding:0px 18px;font-size:14px;line-height:28px;border-color:#b35a54;border-radius:5px;-moz-border-radius:5px;-webkit-border-radius:5px;text-shadow:0px 0px 0px #000000;-moz-text-shadow:0px 0px 0px #000000;-webkit-text-shadow:0px 0px 0px #000000\"> Demander un devis<\/span><\/a><\/div>\n<p>(*) Offre valable pendant la black friday week du 21 au 26 Novembre 2022.<\/p>\n<p>(**) L\u2019enregistrement d\u2019un nom de domaine, d\u2019un h\u00e9bergement et des boites mails n\u00e9cessite un abonnement annuel au pr\u00e8s d\u2019un registrar.<\/p>\n<p><\/p>","protected":false},"excerpt":{"rendered":"<p>Formule \u00e0 1999\u20ac HT tout compris* Site livr\u00e9 cl\u00e9 en main et sans aucun frais suppl\u00e9mentaire. Vous \u00eates propri\u00e9taire de votre site. Choix parmi de nombreux th\u00e8mes graphiques adapt\u00e9s \u00e0 vos attentes et int\u00e9gration de votre logo. Site en mode Responsive pour s&#8217;adapter automatiquement \u00e0 la lecture sur les diff\u00e9rents supports (ordinateur, tablettes, smartphones, &#8230;).<br \/><a class=\"moretag\" href=\"https:\/\/www.cielmonordi.fr\/v2010\/cmo\/sites-web\/site-e-commerce\/\">+ Lire la suite<\/a><\/p>\n","protected":false},"author":4,"featured_media":0,"parent":1919,"menu_order":352,"comment_status":"closed","ping_status":"closed","template":"","meta":{"footnotes":""},"aioseo_notices":[],"_links":{"self":[{"href":"https:\/\/www.cielmonordi.fr\/v2010\/cmo\/wp-json\/wp\/v2\/pages\/1935"}],"collection":[{"href":"https:\/\/www.cielmonordi.fr\/v2010\/cmo\/wp-json\/wp\/v2\/pages"}],"about":[{"href":"https:\/\/www.cielmonordi.fr\/v2010\/cmo\/wp-json\/wp\/v2\/types\/page"}],"author":[{"embeddable":true,"href":"https:\/\/www.cielmonordi.fr\/v2010\/cmo\/wp-json\/wp\/v2\/users\/4"}],"replies":[{"embeddable":true,"href":"https:\/\/www.cielmonordi.fr\/v2010\/cmo\/wp-json\/wp\/v2\/comments?post=1935"}],"version-history":[{"count":5,"href":"https:\/\/www.cielmonordi.fr\/v2010\/cmo\/wp-json\/wp\/v2\/pages\/1935\/revisions"}],"predecessor-version":[{"id":2083,"href":"https:\/\/www.cielmonordi.fr\/v2010\/cmo\/wp-json\/wp\/v2\/pages\/1935\/revisions\/2083"}],"up":[{"embeddable":true,"href":"https:\/\/www.cielmonordi.fr\/v2010\/cmo\/wp-json\/wp\/v2\/pages\/1919"}],"wp:attachment":[{"href":"https:\/\/www.cielmonordi.fr\/v2010\/cmo\/wp-json\/wp\/v2\/media?parent=1935"}],"curies":[{"name":"wp","href":"https:\/\/api.w.org\/{rel}","templated":true}]}}