
{"id":217,"date":"2009-11-27T00:15:07","date_gmt":"2009-11-26T22:15:07","guid":{"rendered":"http:\/\/www.cielmonordi.fr\/v2010\/cmo\/?page_id=217"},"modified":"2020-11-24T10:33:47","modified_gmt":"2020-11-24T08:33:47","slug":"comment-avez-vous-connu-ciel-mon-ordi","status":"publish","type":"page","link":"https:\/\/www.cielmonordi.fr\/v2010\/cmo\/nous-contacter\/comment-avez-vous-connu-ciel-mon-ordi\/","title":{"rendered":"Comment nous avez-vous connu ?"},"content":{"rendered":"<p>Comment avez-vous connu Ciel mon Ordi?<\/p>\n<p>Vous qui avez fait appel \u00e0 Ciel mon Ordi pour une raison pr\u00e9cise : assistance, formation, conseil, installation, &#8230; dites-nous comment vous nous avez connu:<\/p>\n<p>Publicit\u00e9, communiqu\u00e9 de presse, r\u00e9seaux sociaux:<\/p>\n<p>&nbsp;<\/p>\n<div class=\"su-row\">\n<div class=\"su-column su-column-size-1-5\"><div class=\"su-column-inner su-u-clearfix su-u-trim\"><a href=\"https:\/\/www.facebook.com\/cmonordi\" target=\"_blank\"><img decoding=\"async\" loading=\"lazy\" class=\"aligncenter wp-image-1277 size-full\" src=\"http:\/\/www.cielmonordi.fr\/v2010\/cmo\/wp-content\/uploads\/2015\/10\/facebook.jpg\" alt=\"facebook\" width=\"66\" height=\"67\" \/><\/a><\/p>\n<\/div><\/div>\n<div class=\"su-column su-column-size-1-5\"><div class=\"su-column-inner su-u-clearfix su-u-trim\"><a href=\"https:\/\/plus.google.com\/+CielmonordiFr\/posts\" target=\"_blank\"><img decoding=\"async\" loading=\"lazy\" class=\"aligncenter wp-image-1278 size-full\" src=\"http:\/\/www.cielmonordi.fr\/v2010\/cmo\/wp-content\/uploads\/2015\/10\/google-.jpg\" alt=\"google+\" width=\"66\" height=\"67\" \/><\/a><\/p>\n<\/div><\/div>\n<div class=\"su-column su-column-size-1-5\"><div class=\"su-column-inner su-u-clearfix su-u-trim\"><a href=\"https:\/\/twitter.com\/Cielmonordi\" target=\"_blank\"><img decoding=\"async\" loading=\"lazy\" class=\"aligncenter wp-image-1281 size-full\" src=\"http:\/\/www.cielmonordi.fr\/v2010\/cmo\/wp-content\/uploads\/2015\/10\/twitter.jpg\" alt=\"twitter\" width=\"66\" height=\"67\" \/><\/a><\/p>\n<\/div><\/div>\n<div class=\"su-column su-column-size-1-5\"><div class=\"su-column-inner su-u-clearfix su-u-trim\"><a href=\"http:\/\/www.viadeo.com\/groups\/?containerId=0021vjcn3y0htogv&amp;ga_from=Fu:\/hub\/listehub\/;Fb%3AmyHubs%3Bfe%3Ahub-title\" target=\"_blank\"><img decoding=\"async\" loading=\"lazy\" class=\"aligncenter wp-image-1282 size-full\" src=\"http:\/\/www.cielmonordi.fr\/v2010\/cmo\/wp-content\/uploads\/2015\/10\/viadeo.jpg\" alt=\"viadeo\" width=\"67\" height=\"67\" \/><\/a><\/p>\n<\/div><\/div>\n<div class=\"su-column su-column-size-1-5\"><div class=\"su-column-inner su-u-clearfix su-u-trim\"><a href=\"https:\/\/www.linkedin.com\/grp\/home?gid=1828354\" target=\"_blank\"><img decoding=\"async\" loading=\"lazy\" class=\"aligncenter wp-image-1280 size-full\" src=\"http:\/\/www.cielmonordi.fr\/v2010\/cmo\/wp-content\/uploads\/2015\/10\/likedin.jpg\" alt=\"likedin\" width=\"66\" height=\"67\" \/><\/a><\/p>\n<\/div><\/div>\n<\/div>\n<p>ou sur les recommandations d&#8217;un ami ou d&#8217;une connaissance, quelle que soit la raison, dites nous pourquoi vous avez fait appel \u00e0 nos services et ce que vous avez pens\u00e9 de nos prestations.<\/p>\n<p><\/p>","protected":false},"excerpt":{"rendered":"<p>Comment avez-vous connu Ciel mon Ordi? Vous qui avez fait appel \u00e0 Ciel mon Ordi pour une raison pr\u00e9cise : assistance, formation, conseil, installation, &#8230; dites-nous comment vous nous avez connu: Publicit\u00e9, communiqu\u00e9 de presse, r\u00e9seaux sociaux: &nbsp; ou sur les recommandations d&#8217;un ami ou d&#8217;une connaissance, quelle que soit la raison, dites nous pourquoi<br \/><a class=\"moretag\" href=\"https:\/\/www.cielmonordi.fr\/v2010\/cmo\/nous-contacter\/comment-avez-vous-connu-ciel-mon-ordi\/\">+ Lire la suite<\/a><\/p>\n","protected":false},"author":4,"featured_media":0,"parent":1961,"menu_order":540,"comment_status":"open","ping_status":"closed","template":"","meta":{"footnotes":""},"aioseo_notices":[],"_links":{"self":[{"href":"https:\/\/www.cielmonordi.fr\/v2010\/cmo\/wp-json\/wp\/v2\/pages\/217"}],"collection":[{"href":"https:\/\/www.cielmonordi.fr\/v2010\/cmo\/wp-json\/wp\/v2\/pages"}],"about":[{"href":"https:\/\/www.cielmonordi.fr\/v2010\/cmo\/wp-json\/wp\/v2\/types\/page"}],"author":[{"embeddable":true,"href":"https:\/\/www.cielmonordi.fr\/v2010\/cmo\/wp-json\/wp\/v2\/users\/4"}],"replies":[{"embeddable":true,"href":"https:\/\/www.cielmonordi.fr\/v2010\/cmo\/wp-json\/wp\/v2\/comments?post=217"}],"version-history":[{"count":5,"href":"https:\/\/www.cielmonordi.fr\/v2010\/cmo\/wp-json\/wp\/v2\/pages\/217\/revisions"}],"predecessor-version":[{"id":1286,"href":"https:\/\/www.cielmonordi.fr\/v2010\/cmo\/wp-json\/wp\/v2\/pages\/217\/revisions\/1286"}],"up":[{"embeddable":true,"href":"https:\/\/www.cielmonordi.fr\/v2010\/cmo\/wp-json\/wp\/v2\/pages\/1961"}],"wp:attachment":[{"href":"https:\/\/www.cielmonordi.fr\/v2010\/cmo\/wp-json\/wp\/v2\/media?parent=217"}],"curies":[{"name":"wp","href":"https:\/\/api.w.org\/{rel}","templated":true}]}}