
{"id":292,"date":"2010-01-18T21:29:51","date_gmt":"2010-01-18T19:29:51","guid":{"rendered":"http:\/\/www.cielmonordi.fr\/v2010\/cmo\/?page_id=292"},"modified":"2020-11-24T10:33:38","modified_gmt":"2020-11-24T08:33:38","slug":"recrutement","status":"publish","type":"page","link":"https:\/\/www.cielmonordi.fr\/v2010\/cmo\/nous-contacter\/recrutement\/","title":{"rendered":"Rejoindre le r\u00e9seau"},"content":{"rendered":"<p><strong><span style=\"text-decoration: underline;\"><span style=\"font-family: verdana, geneva;\">R\u00e9f. \u00a0Intervenant technique<\/span><\/span><\/strong><\/p>\n<p style=\"text-align: justify;\"><span style=\"font-family: verdana, geneva;\"><span style=\"font-family: verdana, geneva;\">Vous \u00eates passionn\u00e9s par l&#8217;informatique, comp\u00e9tents sur PC et \/ ou Mac mais surtout autonome, p\u00e9dagogue et ayant un r\u00e9el sens du service alors rejoignez notre r\u00e9seau comme intervenant technique Ciel mon Ordi.\u00a0En tant que membre du r\u00e9seau vous travaillerez entre 8h et 22h 6J\/7 <\/span><span style=\"text-decoration: underline;\"><span style=\"font-family: verdana, geneva;\">selon vos disponibilit\u00e9s<\/span><\/span><span style=\"font-family: verdana, geneva;\"> \u00e0 Paris et sa p\u00e9riph\u00e9rie.<\/span><\/span><\/p>\n<p>&nbsp;<\/p>\n<p><span style=\"font-family: verdana, geneva;\">\n<div class=\"wpcf7 no-js\" id=\"wpcf7-f684-o1\" lang=\"\" dir=\"ltr\">\n<div class=\"screen-reader-response\"><p role=\"status\" aria-live=\"polite\" aria-atomic=\"true\"><\/p> <ul><\/ul><\/div>\n<form action=\"\/v2010\/cmo\/wp-json\/wp\/v2\/pages\/292#wpcf7-f684-o1\" method=\"post\" class=\"wpcf7-form init\" aria-label=\"Formulaire de contact\" enctype=\"multipart\/form-data\" novalidate=\"novalidate\" data-status=\"init\">\n<div style=\"display: none;\">\n<input type=\"hidden\" name=\"_wpcf7\" value=\"684\" \/>\n<input type=\"hidden\" name=\"_wpcf7_version\" value=\"5.8.1\" \/>\n<input type=\"hidden\" name=\"_wpcf7_locale\" value=\"\" \/>\n<input type=\"hidden\" name=\"_wpcf7_unit_tag\" value=\"wpcf7-f684-o1\" \/>\n<input type=\"hidden\" name=\"_wpcf7_container_post\" value=\"0\" \/>\n<input type=\"hidden\" name=\"_wpcf7_posted_data_hash\" value=\"\" \/>\n<input type=\"hidden\" name=\"_wpcf7_recaptcha_response\" value=\"\" \/>\n<\/div>\n<p>Votre Nom (obligatoire)\n<\/p>\n<p><span class=\"wpcf7-form-control-wrap\" data-name=\"your-name\"><input size=\"40\" class=\"wpcf7-form-control wpcf7-text wpcf7-validates-as-required\" aria-required=\"true\" aria-invalid=\"false\" value=\"\" type=\"text\" name=\"your-name\" \/><\/span>\n<\/p>\n<p>Votre Email (obligatoire)\n<\/p>\n<p><span class=\"wpcf7-form-control-wrap\" data-name=\"your-email\"><input size=\"40\" class=\"wpcf7-form-control wpcf7-email wpcf7-validates-as-required wpcf7-text wpcf7-validates-as-email\" aria-required=\"true\" aria-invalid=\"false\" value=\"\" type=\"email\" name=\"your-email\" \/><\/span>\n<\/p>\n<p>R\u00e9f\u00e9rence poste \u00e0 pourvoir\n<\/p>\n<p><span class=\"wpcf7-form-control-wrap\" data-name=\"your-subject\"><input size=\"40\" class=\"wpcf7-form-control wpcf7-text wpcf7-validates-as-required\" aria-required=\"true\" aria-invalid=\"false\" value=\"\" type=\"text\" name=\"your-subject\" \/><\/span>\n<\/p>\n<p>Votre Message\n<\/p>\n<p><span class=\"wpcf7-form-control-wrap\" data-name=\"your-message\"><textarea cols=\"40\" rows=\"10\" class=\"wpcf7-form-control wpcf7-textarea\" aria-invalid=\"false\" name=\"your-message\"><\/textarea><\/span>\n<\/p>\n<p> Votre CV\n<\/p>\n<p><span class=\"wpcf7-form-control-wrap\" data-name=\"file-570\"><input size=\"40\" class=\"wpcf7-form-control wpcf7-file\" accept=\"audio\/*,video\/*,image\/*\" aria-invalid=\"false\" type=\"file\" name=\"file-570\" \/><\/span>\n<\/p>\n\n<p><input class=\"wpcf7-form-control wpcf7-submit has-spinner\" type=\"submit\" value=\"Envoyer\" \/>\n<\/p><div class=\"wpcf7-response-output\" aria-hidden=\"true\"><\/div>\n<\/form>\n<\/div>\n<\/span><\/p>\n<p><span style=\"font-family: verdana, geneva;\"><br \/>\n<\/span><br \/>\n<strong>Retrouvez Ciel, mon ordi! sur les r\u00e9seaux sociaux :<\/strong><\/p>\n<div class=\"su-row\">\n<div class=\"su-column su-column-size-1-5\"><div class=\"su-column-inner su-u-clearfix su-u-trim\"><a href=\"https:\/\/www.facebook.com\/cmonordi\" target=\"_blank\"><img decoding=\"async\" loading=\"lazy\" class=\"aligncenter wp-image-1277 size-full\" src=\"http:\/\/www.cielmonordi.fr\/v2010\/cmo\/wp-content\/uploads\/2015\/10\/facebook.jpg\" alt=\"facebook\" width=\"66\" height=\"67\" \/><\/a><\/p>\n<\/div><\/div>\n<div class=\"su-column su-column-size-1-5\"><div class=\"su-column-inner su-u-clearfix su-u-trim\"><a href=\"https:\/\/plus.google.com\/+CielmonordiFr\/posts\" target=\"_blank\"><img decoding=\"async\" loading=\"lazy\" class=\"aligncenter wp-image-1278 size-full\" src=\"http:\/\/www.cielmonordi.fr\/v2010\/cmo\/wp-content\/uploads\/2015\/10\/google-.jpg\" alt=\"google+\" width=\"66\" height=\"67\" \/><\/a><\/p>\n<\/div><\/div>\n<div class=\"su-column su-column-size-1-5\"><div class=\"su-column-inner su-u-clearfix su-u-trim\"><a href=\"https:\/\/twitter.com\/Cielmonordi\" target=\"_blank\"><img decoding=\"async\" loading=\"lazy\" class=\"aligncenter wp-image-1281 size-full\" src=\"http:\/\/www.cielmonordi.fr\/v2010\/cmo\/wp-content\/uploads\/2015\/10\/twitter.jpg\" alt=\"twitter\" width=\"66\" height=\"67\" \/><\/a><\/p>\n<\/div><\/div>\n<div class=\"su-column su-column-size-1-5\"><div class=\"su-column-inner su-u-clearfix su-u-trim\"><a href=\"http:\/\/www.viadeo.com\/groups\/?containerId=0021vjcn3y0htogv&amp;ga_from=Fu:\/hub\/listehub\/;Fb%3AmyHubs%3Bfe%3Ahub-title\" target=\"_blank\"><img decoding=\"async\" loading=\"lazy\" class=\"aligncenter wp-image-1282 size-full\" src=\"http:\/\/www.cielmonordi.fr\/v2010\/cmo\/wp-content\/uploads\/2015\/10\/viadeo.jpg\" alt=\"viadeo\" width=\"67\" height=\"67\" \/><\/a><\/p>\n<\/div><\/div>\n<div class=\"su-column su-column-size-1-5\"><div class=\"su-column-inner su-u-clearfix su-u-trim\"><a href=\"https:\/\/www.linkedin.com\/grp\/home?gid=1828354\" target=\"_blank\"><img decoding=\"async\" loading=\"lazy\" class=\"aligncenter wp-image-1280 size-full\" src=\"http:\/\/www.cielmonordi.fr\/v2010\/cmo\/wp-content\/uploads\/2015\/10\/likedin.jpg\" alt=\"likedin\" width=\"66\" height=\"67\" \/><\/a><\/p>\n<\/div><\/div>\n<\/div>\n<p><\/p>","protected":false},"excerpt":{"rendered":"<p>R\u00e9f. \u00a0Intervenant technique Vous \u00eates passionn\u00e9s par l&#8217;informatique, comp\u00e9tents sur PC et \/ ou Mac mais surtout autonome, p\u00e9dagogue et ayant un r\u00e9el sens du service alors rejoignez notre r\u00e9seau comme intervenant technique Ciel mon Ordi.\u00a0En tant que membre du r\u00e9seau vous travaillerez entre 8h et 22h 6J\/7 selon vos disponibilit\u00e9s \u00e0 Paris et sa<br \/><a class=\"moretag\" href=\"https:\/\/www.cielmonordi.fr\/v2010\/cmo\/nous-contacter\/recrutement\/\">+ Lire la suite<\/a><\/p>\n","protected":false},"author":4,"featured_media":0,"parent":1961,"menu_order":530,"comment_status":"closed","ping_status":"closed","template":"","meta":{"footnotes":""},"aioseo_notices":[],"_links":{"self":[{"href":"https:\/\/www.cielmonordi.fr\/v2010\/cmo\/wp-json\/wp\/v2\/pages\/292"}],"collection":[{"href":"https:\/\/www.cielmonordi.fr\/v2010\/cmo\/wp-json\/wp\/v2\/pages"}],"about":[{"href":"https:\/\/www.cielmonordi.fr\/v2010\/cmo\/wp-json\/wp\/v2\/types\/page"}],"author":[{"embeddable":true,"href":"https:\/\/www.cielmonordi.fr\/v2010\/cmo\/wp-json\/wp\/v2\/users\/4"}],"replies":[{"embeddable":true,"href":"https:\/\/www.cielmonordi.fr\/v2010\/cmo\/wp-json\/wp\/v2\/comments?post=292"}],"version-history":[{"count":3,"href":"https:\/\/www.cielmonordi.fr\/v2010\/cmo\/wp-json\/wp\/v2\/pages\/292\/revisions"}],"predecessor-version":[{"id":1970,"href":"https:\/\/www.cielmonordi.fr\/v2010\/cmo\/wp-json\/wp\/v2\/pages\/292\/revisions\/1970"}],"up":[{"embeddable":true,"href":"https:\/\/www.cielmonordi.fr\/v2010\/cmo\/wp-json\/wp\/v2\/pages\/1961"}],"wp:attachment":[{"href":"https:\/\/www.cielmonordi.fr\/v2010\/cmo\/wp-json\/wp\/v2\/media?parent=292"}],"curies":[{"name":"wp","href":"https:\/\/api.w.org\/{rel}","templated":true}]}}