
{"id":308,"date":"2010-04-26T15:57:50","date_gmt":"2010-04-26T13:57:50","guid":{"rendered":"http:\/\/www.cielmonordi.fr\/v2010\/cmo\/?page_id=308"},"modified":"2020-03-19T18:17:52","modified_gmt":"2020-03-19T16:17:52","slug":"assistance-a-distance","status":"publish","type":"page","link":"https:\/\/www.cielmonordi.fr\/v2010\/cmo\/tarifs\/assistance-a-distance\/","title":{"rendered":"Assistance \u00e0 Distance"},"content":{"rendered":"<h2>Un rendez vous en urgence ?<\/h2>\n<h2>Pas le temps d&#8217;attendre le d\u00e9placement du technicien ?<\/h2>\n<hr style=\"height: 1px; padding: 0px; margin: 0px; border: 1px solid #666666;\" size=\"2\" \/>\n<p style=\"text-align: justify;\">Donnez\u00a0nous la main sur votre ordinateur et nous pourrons facilement en prendre le contr\u00f4le \u00e0 distance pour vous d\u00e9panner.<\/p>\n<p><img decoding=\"async\" loading=\"lazy\" class=\"aligncenter size-medium wp-image-1833\" src=\"http:\/\/www.cielmonordi.fr\/v2010\/cmo\/wp-content\/uploads\/2020\/03\/logo-supremo-300x213.jpg\" alt=\"\" width=\"300\" height=\"213\" srcset=\"https:\/\/www.cielmonordi.fr\/v2010\/cmo\/wp-content\/uploads\/2020\/03\/logo-supremo-300x213.jpg 300w, https:\/\/www.cielmonordi.fr\/v2010\/cmo\/wp-content\/uploads\/2020\/03\/logo-supremo.jpg 684w\" sizes=\"(max-width: 300px) 100vw, 300px\" \/><\/p>\n<div class=\"su-row\">\n<div class=\"su-column su-column-size-1-2\"><div class=\"su-column-inner su-u-clearfix su-u-trim\">\n<p><img decoding=\"async\" loading=\"lazy\" class=\"aligncenter wp-image-1831\" src=\"http:\/\/www.cielmonordi.fr\/v2010\/cmo\/wp-content\/uploads\/2020\/03\/Logo-microsoft-300x90.jpg\" alt=\"\" width=\"250\" height=\"75\" srcset=\"https:\/\/www.cielmonordi.fr\/v2010\/cmo\/wp-content\/uploads\/2020\/03\/Logo-microsoft-300x90.jpg 300w, https:\/\/www.cielmonordi.fr\/v2010\/cmo\/wp-content\/uploads\/2020\/03\/Logo-microsoft.jpg 400w\" sizes=\"(max-width: 250px) 100vw, 250px\" \/><\/p>\n<p style=\"text-align: center;\"><a href=\"https:\/\/www.cielmonordi.fr\/data\/documents\/Assistance_CmO_pc.exe\">T\u00e9l\u00e9charger le programme de prise de commande \u00e0 distance pour PC<\/a><\/p>\n<\/div><\/div>\n<div class=\"su-column su-column-size-1-2\"><div class=\"su-column-inner su-u-clearfix su-u-trim\">\n<p><img decoding=\"async\" loading=\"lazy\" class=\"aligncenter wp-image-1830\" src=\"http:\/\/www.cielmonordi.fr\/v2010\/cmo\/wp-content\/uploads\/2020\/03\/logo-apple-300x90.jpg\" alt=\"\" width=\"250\" height=\"75\" srcset=\"https:\/\/www.cielmonordi.fr\/v2010\/cmo\/wp-content\/uploads\/2020\/03\/logo-apple-300x90.jpg 300w, https:\/\/www.cielmonordi.fr\/v2010\/cmo\/wp-content\/uploads\/2020\/03\/logo-apple.jpg 400w\" sizes=\"(max-width: 250px) 100vw, 250px\" \/><\/p>\n<p style=\"text-align: center;\"><a href=\"https:\/\/www.cielmonordi.fr\/data\/documents\/Assistance_CmO_mac.zip\">T\u00e9l\u00e9charger le programme de prise de commande \u00e0 distance pour Mac (&gt;=10.12)<\/a><\/p>\n<\/div><\/div>\n<\/div>\n<p style=\"text-align: justify;\">Veuillez patientez quelques instants pendant que le programme de prise de commande \u00e0 distance se t\u00e9l\u00e9charge sur votre ordinateur. Une fois t\u00e9l\u00e9charg\u00e9 cliquez sur ce programme, une fen\u00eatre s&#8217;ouvre avec un num\u00e9ro d&#8217;identification unique ID et un mot de passe.<\/p>\n<p style=\"text-align: justify;\">\n<p><\/p>","protected":false},"excerpt":{"rendered":"<p>Un rendez vous en urgence ? Pas le temps d&#8217;attendre le d\u00e9placement du technicien ? Donnez\u00a0nous la main sur votre ordinateur et nous pourrons facilement en prendre le contr\u00f4le \u00e0 distance pour vous d\u00e9panner. Veuillez patientez quelques instants pendant que le programme de prise de commande \u00e0 distance se t\u00e9l\u00e9charge sur votre ordinateur. Une fois<br \/><a class=\"moretag\" href=\"https:\/\/www.cielmonordi.fr\/v2010\/cmo\/tarifs\/assistance-a-distance\/\">+ Lire la suite<\/a><\/p>\n","protected":false},"author":4,"featured_media":0,"parent":109,"menu_order":360,"comment_status":"closed","ping_status":"closed","template":"","meta":{"footnotes":""},"aioseo_notices":[],"_links":{"self":[{"href":"https:\/\/www.cielmonordi.fr\/v2010\/cmo\/wp-json\/wp\/v2\/pages\/308"}],"collection":[{"href":"https:\/\/www.cielmonordi.fr\/v2010\/cmo\/wp-json\/wp\/v2\/pages"}],"about":[{"href":"https:\/\/www.cielmonordi.fr\/v2010\/cmo\/wp-json\/wp\/v2\/types\/page"}],"author":[{"embeddable":true,"href":"https:\/\/www.cielmonordi.fr\/v2010\/cmo\/wp-json\/wp\/v2\/users\/4"}],"replies":[{"embeddable":true,"href":"https:\/\/www.cielmonordi.fr\/v2010\/cmo\/wp-json\/wp\/v2\/comments?post=308"}],"version-history":[{"count":5,"href":"https:\/\/www.cielmonordi.fr\/v2010\/cmo\/wp-json\/wp\/v2\/pages\/308\/revisions"}],"predecessor-version":[{"id":1838,"href":"https:\/\/www.cielmonordi.fr\/v2010\/cmo\/wp-json\/wp\/v2\/pages\/308\/revisions\/1838"}],"up":[{"embeddable":true,"href":"https:\/\/www.cielmonordi.fr\/v2010\/cmo\/wp-json\/wp\/v2\/pages\/109"}],"wp:attachment":[{"href":"https:\/\/www.cielmonordi.fr\/v2010\/cmo\/wp-json\/wp\/v2\/media?parent=308"}],"curies":[{"name":"wp","href":"https:\/\/api.w.org\/{rel}","templated":true}]}}