
{"id":4,"date":"2009-10-04T16:27:29","date_gmt":"2009-10-04T14:27:29","guid":{"rendered":"http:\/\/www.cielmonordi.fr\/v2010\/cmo\/?page_id=4"},"modified":"2018-07-17T10:51:29","modified_gmt":"2018-07-17T08:51:29","slug":"qui-sommes-nous","status":"publish","type":"page","link":"https:\/\/www.cielmonordi.fr\/v2010\/cmo\/qui-sommes-nous\/","title":{"rendered":"Qui sommes-nous"},"content":{"rendered":"<p><img decoding=\"async\" loading=\"lazy\" class=\"aligncenter size-large wp-image-1217\" src=\"http:\/\/www.cielmonordi.fr\/v2010\/cmo\/wp-content\/uploads\/2015\/10\/18618204_ml-redim2-1024x303.jpg\" alt=\"18618204_ml redim2\" width=\"690\" height=\"204\" srcset=\"https:\/\/www.cielmonordi.fr\/v2010\/cmo\/wp-content\/uploads\/2015\/10\/18618204_ml-redim2-1024x303.jpg 1024w, https:\/\/www.cielmonordi.fr\/v2010\/cmo\/wp-content\/uploads\/2015\/10\/18618204_ml-redim2-300x88.jpg 300w, https:\/\/www.cielmonordi.fr\/v2010\/cmo\/wp-content\/uploads\/2015\/10\/18618204_ml-redim2.jpg 1686w\" sizes=\"(max-width: 690px) 100vw, 690px\" \/><\/p>\n<p style=\"text-align: justify;\"><span style=\"text-align: justify; line-height: 1.5em;\">1\u00e8re soci\u00e9t\u00e9 d&#8217;assistance informatique et internet \u00e0 domicile familiale, dont le concept fut imagin\u00e9 par Elisabeth, m\u00e8re de famille, et mis au point avec un ing\u00e9nieur informaticien, ancien dirigeant de SAP.<\/span><\/p>\n<p style=\"text-align: justify;\">Ciel mon ordi ! est la solution pour tous, de 7 \u00e0 77 ans, face au casse t\u00eate de la panne de votre micro-ordinateur :<\/p>\n<p style=\"text-align: justify;\">\u2022 Des heures d\u2019intervention compatibles avec votre \u00ab biorythme familial \u00bb<br \/>\n\u2022 Un r\u00e9seau d\u2019intervenants, hautement qualifi\u00e9s, ing\u00e9nieurs ou futurs ing\u00e9nieurs informaticiens<br \/>\n\u2022 Une comp\u00e9tence sur toutes les nouvelles applications de l\u2019informatique familiale : ADSL, WiFi, photo digitale, musique, home cin\u00e9ma, etc\u2026<\/p>\n<p style=\"text-align: justify;\"><strong>Membre de l&#8217;op\u00e9ration Internet Accompagn\u00e9<\/strong><\/p>\n<p style=\"text-align: justify;\">Dans le cadre du programme d&#8217;actions gouvernementales visant \u00e0 rendre internet accessible \u00e0 tous les Fran\u00e7ais, l&#8217;op\u00e9ration &#8220;Internet accompagn\u00e9&#8221; se veut une r\u00e9ponse \u00e0 ces appr\u00e9hensions et a pour objectif cr\u00e9er les conditions les plus favorables \u00e0 l&#8217;\u00e9quipement de nombreux concitoyens<br \/>\nLe label qualit\u00e9 &#8220;Internet accompagn\u00e9&#8221; garantit le respect du cahier des charges sign\u00e9 entre les partenaires de l&#8217;op\u00e9ration et la D\u00e9l\u00e9gation aux Usages de l&#8217;Internet<\/p>\n<p style=\"text-align: justify;\"><strong>R\u00e9f\u00e9renc\u00e9 par l&#8217;Agence des Services \u00e0 la Personne<\/strong> :<\/p>\n<p style=\"text-align: justify;\">Les services \u00e0 la personne participent au bien-\u00eatre de chacun.<br \/>\nDe la garde d&#8217;enfants \u00e0 l&#8217;assistance informatique, ce secteur de l&#8217;\u00e9conomie fran\u00e7aise propose une gamme vari\u00e9e de services \u00e0 domicile. Ces services sont accessibles facilement gr\u00e2ce aux enseignes, ils sont de qualit\u00e9 parce que r\u00e9alis\u00e9s par des professionnels et ils sont moins chers qu&#8217;hier gr\u00e2ce au Ch\u00e8que emploi service universel (Cesu)<\/p>\n<p style=\"text-align: justify;\">\n<p><\/p>","protected":false},"excerpt":{"rendered":"<p>1\u00e8re soci\u00e9t\u00e9 d&#8217;assistance informatique et internet \u00e0 domicile familiale, dont le concept fut imagin\u00e9 par Elisabeth, m\u00e8re de famille, et mis au point avec un ing\u00e9nieur informaticien, ancien dirigeant de SAP. Ciel mon ordi ! est la solution pour tous, de 7 \u00e0 77 ans, face au casse t\u00eate de la panne de votre micro-ordinateur<br \/><a class=\"moretag\" href=\"https:\/\/www.cielmonordi.fr\/v2010\/cmo\/qui-sommes-nous\/\">+ Lire la suite<\/a><\/p>\n","protected":false},"author":164,"featured_media":0,"parent":0,"menu_order":20,"comment_status":"closed","ping_status":"closed","template":"","meta":{"footnotes":""},"aioseo_notices":[],"_links":{"self":[{"href":"https:\/\/www.cielmonordi.fr\/v2010\/cmo\/wp-json\/wp\/v2\/pages\/4"}],"collection":[{"href":"https:\/\/www.cielmonordi.fr\/v2010\/cmo\/wp-json\/wp\/v2\/pages"}],"about":[{"href":"https:\/\/www.cielmonordi.fr\/v2010\/cmo\/wp-json\/wp\/v2\/types\/page"}],"author":[{"embeddable":true,"href":"https:\/\/www.cielmonordi.fr\/v2010\/cmo\/wp-json\/wp\/v2\/users\/164"}],"replies":[{"embeddable":true,"href":"https:\/\/www.cielmonordi.fr\/v2010\/cmo\/wp-json\/wp\/v2\/comments?post=4"}],"version-history":[{"count":5,"href":"https:\/\/www.cielmonordi.fr\/v2010\/cmo\/wp-json\/wp\/v2\/pages\/4\/revisions"}],"predecessor-version":[{"id":1268,"href":"https:\/\/www.cielmonordi.fr\/v2010\/cmo\/wp-json\/wp\/v2\/pages\/4\/revisions\/1268"}],"wp:attachment":[{"href":"https:\/\/www.cielmonordi.fr\/v2010\/cmo\/wp-json\/wp\/v2\/media?parent=4"}],"curies":[{"name":"wp","href":"https:\/\/api.w.org\/{rel}","templated":true}]}}