
{"id":595,"date":"2012-03-15T15:49:36","date_gmt":"2012-03-15T13:49:36","guid":{"rendered":"http:\/\/www.cielmonordi.fr\/v2010\/cmo\/?page_id=595"},"modified":"2016-02-03T14:43:48","modified_gmt":"2016-02-03T12:43:48","slug":"accueil-familidays","status":"publish","type":"page","link":"https:\/\/www.cielmonordi.fr\/v2010\/cmo\/tarifs\/accueil-familidays\/","title":{"rendered":"R\u00e9cup\u00e9ration de donn\u00e9es"},"content":{"rendered":"<h2 style=\"text-align: center;\"><\/h2>\n<p style=\"text-align: center;\"><span style=\"font-size: large; color: #0000ff;\"><strong><span style=\"font-family: verdana, geneva;\">FICHIERS, PHOTOS, DONN\u00c9ES PERDUS&#8230;<br \/>\n<\/span><\/strong><\/span><br \/>\n<span style=\"font-size: large; color: #0000ff;\"> <strong> <span style=\"font-family: verdana, geneva;\"> PAS DE PANIQUE !<\/span><\/strong><\/span><\/p>\n<p style=\"text-align: center;\"><img decoding=\"async\" loading=\"lazy\" class=\"aligncenter\" alt=\"90 % de r\u00e9ussite\" src=\"http:\/\/www.ordidocteur.com\/wp-content\/themes\/od\/img\/labo_home.jpg\" width=\"188\" height=\"145\" \/><\/p>\n<p><span style=\"font-family: verdana, geneva; font-size: small;\">Ciel mon Ordi s&#8217;occupe de vos donn\u00e9es, en partenariat avec\u00a0<a href=\"http:\/\/www.ordidocteur.com\/\" target=\"_blank\">Ordidocteur<\/a> sp\u00e9cialis\u00e9 dans les services de r\u00e9cup\u00e9ration de donn\u00e9es.<\/span><\/p>\n<p style=\"text-align: justify;\"><span style=\"font-family: verdana, geneva; font-size: small;\"><a href=\"http:\/\/www.ordidocteur.com\/\"><img decoding=\"async\" loading=\"lazy\" class=\"alignleft\" alt=\"\" src=\"http:\/\/www.ordidocteur.com\/wp-content\/themes\/od\/img\/logo_ordidocteur_slide.png\" width=\"128\" height=\"78\" \/><\/a><a href=\"http:\/\/www.ordidocteur.com\/\" target=\"_blank\">Ordidocteur<\/a> atteint un\u00a0taux de r\u00e9ussite de 90%\u00a0pour la r\u00e9cup\u00e9ration de donn\u00e9es en salle blanche gr\u00e2ce \u00e0 une \u00e9quipe de\u00a0techniciens hautement qualifi\u00e9s\u00a0totalisant plus de dix ans d\u2019exp\u00e9rience en laboratoire.<\/span><\/p>\n<p style=\"text-align: justify;\"><span style=\"font-family: verdana, geneva; font-size: small;\"><a href=\"http:\/\/www.ordidocteur.com\/\" target=\"_blank\">Ordidocteur<\/a> est sp\u00e9cialis\u00e9 en r\u00e9cup\u00e9ration de donn\u00e9es sur\u00a0Disque Dur,\u00a0Raid,\u00a0SSD,\u00a0Cl\u00e9 USB,\u00a0Carte SD.<\/span><\/p>\n<p style=\"text-align: center;\"><span style=\"font-family: verdana, geneva; line-height: 1.5em; font-size: medium;\">Appelez nous pour un rendez-vous au<\/span><\/p>\n<p style=\"text-align: center;\"><span style=\"font-size: medium;\"><strong><span style=\"font-family: verdana, geneva; color: #ff0000; background-color: #ffffff;\">01 46 20 30 58<\/span><\/strong><\/span><\/p>\n<p><span style=\"font-family: verdana, geneva;\"><a href=\"http:\/\/www.cielmonordi.fr\/v2010\/cmo\/?page_id=11\"><img decoding=\"async\" loading=\"lazy\" class=\"aligncenter\" title=\"Agr\u00e9\u00e9e par l'\u00e9tat\" alt=\"Service \u00e0 la personne\" src=\"http:\/\/www.cielmonordi.fr\/v2010\/cmo\/wp-content\/uploads\/2009\/10\/Traceur_SAP_72x54.jpg\" width=\"82\" height=\"61\" \/><\/a><\/span><\/p>\n<p><span style=\"font-family: verdana, geneva;\">\u00a0<\/span><\/p>\n<p><span style=\"font-family: verdana, geneva;\">\u00a0<\/span><\/p>\n<p><\/p>","protected":false},"excerpt":{"rendered":"<p>FICHIERS, PHOTOS, DONN\u00c9ES PERDUS&#8230; PAS DE PANIQUE ! Ciel mon Ordi s&#8217;occupe de vos donn\u00e9es, en partenariat avec\u00a0Ordidocteur sp\u00e9cialis\u00e9 dans les services de r\u00e9cup\u00e9ration de donn\u00e9es. Ordidocteur atteint un\u00a0taux de r\u00e9ussite de 90%\u00a0pour la r\u00e9cup\u00e9ration de donn\u00e9es en salle blanche gr\u00e2ce \u00e0 une \u00e9quipe de\u00a0techniciens hautement qualifi\u00e9s\u00a0totalisant plus de dix ans d\u2019exp\u00e9rience en laboratoire. Ordidocteur<br \/><a class=\"moretag\" href=\"https:\/\/www.cielmonordi.fr\/v2010\/cmo\/tarifs\/accueil-familidays\/\">+ Lire la suite<\/a><\/p>\n","protected":false},"author":4,"featured_media":0,"parent":109,"menu_order":340,"comment_status":"closed","ping_status":"closed","template":"","meta":{"footnotes":""},"aioseo_notices":[],"_links":{"self":[{"href":"https:\/\/www.cielmonordi.fr\/v2010\/cmo\/wp-json\/wp\/v2\/pages\/595"}],"collection":[{"href":"https:\/\/www.cielmonordi.fr\/v2010\/cmo\/wp-json\/wp\/v2\/pages"}],"about":[{"href":"https:\/\/www.cielmonordi.fr\/v2010\/cmo\/wp-json\/wp\/v2\/types\/page"}],"author":[{"embeddable":true,"href":"https:\/\/www.cielmonordi.fr\/v2010\/cmo\/wp-json\/wp\/v2\/users\/4"}],"replies":[{"embeddable":true,"href":"https:\/\/www.cielmonordi.fr\/v2010\/cmo\/wp-json\/wp\/v2\/comments?post=595"}],"version-history":[{"count":5,"href":"https:\/\/www.cielmonordi.fr\/v2010\/cmo\/wp-json\/wp\/v2\/pages\/595\/revisions"}],"predecessor-version":[{"id":929,"href":"https:\/\/www.cielmonordi.fr\/v2010\/cmo\/wp-json\/wp\/v2\/pages\/595\/revisions\/929"}],"up":[{"embeddable":true,"href":"https:\/\/www.cielmonordi.fr\/v2010\/cmo\/wp-json\/wp\/v2\/pages\/109"}],"wp:attachment":[{"href":"https:\/\/www.cielmonordi.fr\/v2010\/cmo\/wp-json\/wp\/v2\/media?parent=595"}],"curies":[{"name":"wp","href":"https:\/\/api.w.org\/{rel}","templated":true}]}}