
{"id":7,"date":"2009-10-04T16:40:19","date_gmt":"2009-10-04T14:40:19","guid":{"rendered":"http:\/\/www.cielmonordi.fr\/v2010\/cmo\/?page_id=7"},"modified":"2018-11-19T16:20:20","modified_gmt":"2018-11-19T14:20:20","slug":"depannage","status":"publish","type":"page","link":"https:\/\/www.cielmonordi.fr\/v2010\/cmo\/tarifs\/depannage\/","title":{"rendered":"Assistance"},"content":{"rendered":"<table style=\"width: 100%;\" border=\"0\">\n<tbody>\n<tr>\n<td style=\"background-color: #9e9e9e;\"><strong><span style=\"font-size: small;\"><span style=\"font-family: verdana, geneva;\">Besoin d&#8217;une assistance \u00e0 domicile ?<\/span><\/span><span style=\"font-family: verdana, geneva;\"><br \/>\n<\/span> <\/strong><\/td>\n<\/tr>\n<\/tbody>\n<\/table>\n<p><span style=\"font-family: verdana, geneva;\">Un virus menace vos donn\u00e9es ?<\/span><\/p>\n<p><span style=\"font-family: verdana, geneva;\">Votre imprimante ne fonctionne plus ?<\/span><\/p>\n<p><span style=\"font-family: verdana, geneva;\">Votre connexion internet ne r\u00e9pond plus ?<\/span><\/p>\n<p><span style=\"font-family: verdana, geneva;\">Besoin de mat\u00e9riel, mais vous ne savez pas lequel choisir ?<\/span><\/p>\n<p><span style=\"font-family: verdana, geneva;\">Quel que soit votre besoin Ciel mon Ordi ! est l\u00e0 pour vous aider, vous accompagner et intervient chez vous dans les plus brefs d\u00e9lais \u00e0 Paris, en r\u00e9gion parisienne, \u00e0 Lyon et dans le golfe de Saint-Tropez.<\/span><\/p>\n<table style=\"width: 100%;\" border=\"0\">\n<tbody>\n<tr>\n<td style=\"background-color: #9e9e9e;\"><span style=\"font-size: small;\"><strong><span style=\"font-family: verdana, geneva;\">Nos tarifs assistance \u00e0 domiciel<\/span><\/strong><\/span><\/td>\n<\/tr>\n<\/tbody>\n<\/table>\n<p><em><span style=\"font-family: verdana, geneva;\">Les prix sont indiqu\u00e9s TTC pour les particuliers <\/span><span style=\"color: #ff0000;\"><strong><span style=\"font-family: verdana, geneva;\">apr\u00e8s<\/span><\/strong><\/span><span style=\"font-family: verdana, geneva;\"> d\u00e9duction fiscale de 50%<\/span><\/em><\/p>\n<p><strong><span style=\"font-family: verdana, geneva;\">Interventions \u00e0 l&#8217;heure<\/span><\/strong><span style=\"font-family: verdana, geneva;\"><br \/>\n47.5\u20ac l&#8217;heure &#8211; 118.75\u20ac la 1\/2j (3h)<\/span><\/p>\n<p><strong><span style=\"font-family: verdana, geneva;\">Forfaits*<\/span><\/strong><span style=\"font-family: verdana, geneva;\"><br \/>\nBilan de sant\u00e9 1\/2J<br \/>\nPack Installation 1\/2J<br \/>\nPack S\u00e9curit\u00e9 1\/2J<br \/>\nPack R\u00e9seau familial 1\/2J<\/span><\/p>\n<p><strong><span style=\"font-family: verdana, geneva;\">D\u00e9placements :<\/span><\/strong><span style=\"font-family: verdana, geneva;\"><br \/>\nzones 1 \u00e0 3 D\u00e9pl. compris<br \/>\nzone 4: 40\u20ac, au del\u00e0 forfait 50\u20ac<\/span><\/p>\n<p><strong><span style=\"font-family: verdana, geneva;\">Carnets d&#8217;heures :<\/span><\/strong><span style=\"font-family: verdana, geneva;\"><br \/>\nCarnet 6 H. valables 1an 255\u20ac soit 42.50 \u20ac \/ h<br \/>\nCarnet 10H. valables 1an 400\u20ac soit 40.00 \u20ac \/ h<br \/>\nCarnet 20H. Valables 1an 700\u20ac soit 35.00 \u20ac \/ h\u00a0<\/span><\/p>\n<p><span style=\"font-size: x-small;\"><span style=\"font-family: verdana, geneva;\">(*)<br \/>\n&#8211; Bilan de sant\u00e9 : V\u00e9rification &amp; nettoyage complet de l&#8217;ordinateur, optimisation et contr\u00f4le des mises \u00e0 jours logiciels.<br \/>\n&#8211; Pack Installation : Installation de l&#8217;ordinateur, de la connexion internet, de la boite mail et d&#8217;un p\u00e9riph\u00e9rique.<br \/>\n&#8211; Pack S\u00e9curit\u00e9 : R\u00e9cherche &amp; \u00e9radication des virus &amp; spywares, installation antivirus, parefeu et antispyware (logiciels non fournis).<br \/>\n&#8211; Pack r\u00e9seau : installation configuration toutes box (livebox, freebox, neufbox, &#8230;) internet, t\u00e9l\u00e9phonie, t\u00e9l\u00e9vision, connexion 3 ordinateurs, partage d&#8217;imprimantes.<\/span><\/span><\/p>\n<p><\/p>","protected":false},"excerpt":{"rendered":"<p>Besoin d&#8217;une assistance \u00e0 domicile ? Un virus menace vos donn\u00e9es ? Votre imprimante ne fonctionne plus ? Votre connexion internet ne r\u00e9pond plus ? Besoin de mat\u00e9riel, mais vous ne savez pas lequel choisir ? Quel que soit votre besoin Ciel mon Ordi ! est l\u00e0 pour vous aider, vous accompagner et intervient chez<br \/><a class=\"moretag\" href=\"https:\/\/www.cielmonordi.fr\/v2010\/cmo\/tarifs\/depannage\/\">+ Lire la suite<\/a><\/p>\n","protected":false},"author":4,"featured_media":0,"parent":109,"menu_order":310,"comment_status":"closed","ping_status":"closed","template":"","meta":{"footnotes":""},"aioseo_notices":[],"_links":{"self":[{"href":"https:\/\/www.cielmonordi.fr\/v2010\/cmo\/wp-json\/wp\/v2\/pages\/7"}],"collection":[{"href":"https:\/\/www.cielmonordi.fr\/v2010\/cmo\/wp-json\/wp\/v2\/pages"}],"about":[{"href":"https:\/\/www.cielmonordi.fr\/v2010\/cmo\/wp-json\/wp\/v2\/types\/page"}],"author":[{"embeddable":true,"href":"https:\/\/www.cielmonordi.fr\/v2010\/cmo\/wp-json\/wp\/v2\/users\/4"}],"replies":[{"embeddable":true,"href":"https:\/\/www.cielmonordi.fr\/v2010\/cmo\/wp-json\/wp\/v2\/comments?post=7"}],"version-history":[{"count":4,"href":"https:\/\/www.cielmonordi.fr\/v2010\/cmo\/wp-json\/wp\/v2\/pages\/7\/revisions"}],"predecessor-version":[{"id":1469,"href":"https:\/\/www.cielmonordi.fr\/v2010\/cmo\/wp-json\/wp\/v2\/pages\/7\/revisions\/1469"}],"up":[{"embeddable":true,"href":"https:\/\/www.cielmonordi.fr\/v2010\/cmo\/wp-json\/wp\/v2\/pages\/109"}],"wp:attachment":[{"href":"https:\/\/www.cielmonordi.fr\/v2010\/cmo\/wp-json\/wp\/v2\/media?parent=7"}],"curies":[{"name":"wp","href":"https:\/\/api.w.org\/{rel}","templated":true}]}}