
{"id":868,"date":"2013-12-10T22:53:03","date_gmt":"2013-12-10T20:53:03","guid":{"rendered":"http:\/\/www.cielmonordi.fr\/v2010\/cmo\/?page_id=868"},"modified":"2019-12-23T17:18:45","modified_gmt":"2019-12-23T15:18:45","slug":"carte-2h","status":"publish","type":"page","link":"https:\/\/www.cielmonordi.fr\/v2010\/cmo\/tarifs\/cartes-prepayees\/carte-2h\/","title":{"rendered":"Carte 2h"},"content":{"rendered":"<h2>Votre carte pr\u00e9pay\u00e9e 2 heures<\/h2>\n<div class=\"su-row\">\n<div class=\"su-column su-column-size-1-2\"><div class=\"su-column-inner su-u-clearfix su-u-trim\">\n<p><img decoding=\"async\" loading=\"lazy\" class=\"aligncenter size-full wp-image-1780\" src=\"http:\/\/www.cielmonordi.fr\/v2010\/cmo\/wp-content\/uploads\/2019\/12\/carte-02-sp.jpg\" alt=\"\" width=\"200\" height=\"250\" \/><\/p>\n<\/div><\/div>\n<div class=\"su-column su-column-size-1-2\"><div class=\"su-column-inner su-u-clearfix su-u-trim\">\n<p style=\"text-align: justify;\">Cette carte est id\u00e9ale pour une assistance approfondie\u00a0: d\u00e9pannage, installation ou remplacement de votre box, ajout d\u2019un ou plusieurs p\u00e9riph\u00e9riques suppl\u00e9mentaires ou remplacement de votre imprimante par exemple.<\/p>\n<\/div><\/div>\n<\/div>\n<p style=\"text-align: center;\"><span style=\"font-family: arial, helvetica, sans-serif; color: #ff0000; font-size: medium;\">B\u00e9n\u00e9ficiez de 50% de r\u00e9duction sur nos prestations<\/span><\/p>\n<p style=\"text-align: justify;\"><span style=\"font-family: arial, helvetica, sans-serif;\">Ciel Mon Ordi est agr\u00e9\u00e9 sous le num\u00e9ro : R\/130311\/F\/092\/S\/055 et vous permet de b\u00e9n\u00e9ficier de la loi N2005-841 du 26 juillet 2005 sur les services \u00e0 la personne. Les services informatiques \u00e0 domicile entrent dans le cadre de la loi du 26 juillet 2005 relative au d\u00e9veloppement des services \u00e0 la personne. De ce fait, ils ouvrent donc droit \u00e0 une r\u00e9duction d\u2019imp\u00f4ts de 50% des sommes vers\u00e9es pour ces prestations (hors aides \u00e9ventuellement per\u00e7ues) pour r\u00e9gler les prestations informatiques et internet inclues dans les formules \u00ab Internet accompagn\u00e9 \u00bb ainsi qu\u2019\u00e0 l\u2019utilisation du ch\u00e8que emploi service universel (Cesu).<\/span><\/p>\n<p><\/p>","protected":false},"excerpt":{"rendered":"<p>Votre carte pr\u00e9pay\u00e9e 2 heures B\u00e9n\u00e9ficiez de 50% de r\u00e9duction sur nos prestations Ciel Mon Ordi est agr\u00e9\u00e9 sous le num\u00e9ro : R\/130311\/F\/092\/S\/055 et vous permet de b\u00e9n\u00e9ficier de la loi N2005-841 du 26 juillet 2005 sur les services \u00e0 la personne. Les services informatiques \u00e0 domicile entrent dans le cadre de la loi du<br \/><a class=\"moretag\" href=\"https:\/\/www.cielmonordi.fr\/v2010\/cmo\/tarifs\/cartes-prepayees\/carte-2h\/\">+ Lire la suite<\/a><\/p>\n","protected":false},"author":4,"featured_media":0,"parent":808,"menu_order":3320,"comment_status":"closed","ping_status":"closed","template":"","meta":{"footnotes":""},"aioseo_notices":[],"_links":{"self":[{"href":"https:\/\/www.cielmonordi.fr\/v2010\/cmo\/wp-json\/wp\/v2\/pages\/868"}],"collection":[{"href":"https:\/\/www.cielmonordi.fr\/v2010\/cmo\/wp-json\/wp\/v2\/pages"}],"about":[{"href":"https:\/\/www.cielmonordi.fr\/v2010\/cmo\/wp-json\/wp\/v2\/types\/page"}],"author":[{"embeddable":true,"href":"https:\/\/www.cielmonordi.fr\/v2010\/cmo\/wp-json\/wp\/v2\/users\/4"}],"replies":[{"embeddable":true,"href":"https:\/\/www.cielmonordi.fr\/v2010\/cmo\/wp-json\/wp\/v2\/comments?post=868"}],"version-history":[{"count":4,"href":"https:\/\/www.cielmonordi.fr\/v2010\/cmo\/wp-json\/wp\/v2\/pages\/868\/revisions"}],"predecessor-version":[{"id":1793,"href":"https:\/\/www.cielmonordi.fr\/v2010\/cmo\/wp-json\/wp\/v2\/pages\/868\/revisions\/1793"}],"up":[{"embeddable":true,"href":"https:\/\/www.cielmonordi.fr\/v2010\/cmo\/wp-json\/wp\/v2\/pages\/808"}],"wp:attachment":[{"href":"https:\/\/www.cielmonordi.fr\/v2010\/cmo\/wp-json\/wp\/v2\/media?parent=868"}],"curies":[{"name":"wp","href":"https:\/\/api.w.org\/{rel}","templated":true}]}}