
{"id":92,"date":"2009-10-06T15:49:00","date_gmt":"2009-10-06T13:49:00","guid":{"rendered":"http:\/\/www.cielmonordi.fr\/v2010\/cmo\/?page_id=92"},"modified":"2018-11-19T16:20:53","modified_gmt":"2018-11-19T14:20:53","slug":"plan-du-site","status":"publish","type":"page","link":"https:\/\/www.cielmonordi.fr\/v2010\/cmo\/qui-sommes-nous\/plan-du-site\/","title":{"rendered":"Plan du site"},"content":{"rendered":"\n\n<!-- START of Dagon Design Sitemap Generator output -->\n\n<div class=\"ddsg-wrapper\"><h2>Pages<\/h2><ul><li><a href=\"https:\/\/www.cielmonordi.fr\/v2010\/cmo\/user\/\" title=\"Utilisateur\u00b7rice\">Utilisateur\u00b7rice<\/a><\/li><li><a href=\"https:\/\/www.cielmonordi.fr\/v2010\/cmo\/login\/\" title=\"Connexion\">Connexion<\/a><\/li><li><a href=\"https:\/\/www.cielmonordi.fr\/v2010\/cmo\/register\/\" title=\"Inscription\">Inscription<\/a><\/li><li><a href=\"https:\/\/www.cielmonordi.fr\/v2010\/cmo\/members\/\" title=\"Membres\">Membres<\/a><\/li><li><a href=\"https:\/\/www.cielmonordi.fr\/v2010\/cmo\/password-reset\/\" title=\"R\u00e9initialisation du mot de passe\">R\u00e9initialisation du mot de passe<\/a><\/li><li><a href=\"https:\/\/www.cielmonordi.fr\/v2010\/cmo\/account\/\" title=\"Mon compte client Ciel mon Ordi\">Mon compte client Ciel mon Ordi<\/a><\/li><li><a href=\"https:\/\/www.cielmonordi.fr\/v2010\/cmo\/logout\/\" title=\"D\u00e9connexion\">D\u00e9connexion<\/a><\/li><li><a href=\"https:\/\/www.cielmonordi.fr\/v2010\/cmo\/qui-sommes-nous\/\" title=\"Qui sommes-nous\">Qui sommes-nous<\/a><ul><li><a href=\"https:\/\/www.cielmonordi.fr\/v2010\/cmo\/qui-sommes-nous\/coronavirus\/\" title=\"Protocole Coronavirus\">Protocole Coronavirus<\/a><\/li><li><a href=\"https:\/\/www.cielmonordi.fr\/v2010\/cmo\/qui-sommes-nous\/en-quelques-lignes\/\" title=\"En quelques lignes\">En quelques lignes<\/a><\/li><li><a href=\"https:\/\/www.cielmonordi.fr\/v2010\/cmo\/qui-sommes-nous\/charte-qualite\/\" title=\"Charte Nationale Qualit\u00e9\">Charte Nationale Qualit\u00e9<\/a><\/li><li><a href=\"https:\/\/www.cielmonordi.fr\/v2010\/cmo\/qui-sommes-nous\/nos-partenaires\/\" title=\"Nos partenaires\">Nos partenaires<\/a><\/li><li><a href=\"https:\/\/www.cielmonordi.fr\/v2010\/cmo\/qui-sommes-nous\/revue-de-presse\/\" title=\"Revue de presse\">Revue de presse<\/a><\/li><li><a href=\"https:\/\/www.cielmonordi.fr\/v2010\/cmo\/qui-sommes-nous\/1348-2\/\" title=\"Comment s\u2019occuper de son ordinateur pour qu\u2019il puisse durer ?\">Comment s\u2019occuper de son ordinateur pour qu\u2019il puisse durer ?<\/a><\/li><li><a href=\"https:\/\/www.cielmonordi.fr\/v2010\/cmo\/qui-sommes-nous\/plan-du-site\/\" title=\"Plan du site\">Plan du site<\/a><\/li><\/ul><\/li><li><a href=\"https:\/\/www.cielmonordi.fr\/v2010\/cmo\/tarifs\/\" title=\"Prestations\">Prestations<\/a><ul><li><a href=\"https:\/\/www.cielmonordi.fr\/v2010\/cmo\/tarifs\/depannage\/\" title=\"Assistance\">Assistance<\/a><\/li><li><a href=\"https:\/\/www.cielmonordi.fr\/v2010\/cmo\/tarifs\/formation\/\" title=\"Formation\">Formation<\/a><\/li><li><a href=\"https:\/\/www.cielmonordi.fr\/v2010\/cmo\/tarifs\/cartes-prepayees\/\" title=\"Cartes pr\u00e9pay\u00e9es\">Cartes pr\u00e9pay\u00e9es<\/a><ul><li><a href=\"https:\/\/www.cielmonordi.fr\/v2010\/cmo\/tarifs\/cartes-prepayees\/carte-1h\/\" title=\"Carte 1h\">Carte 1h<\/a><\/li><li><a href=\"https:\/\/www.cielmonordi.fr\/v2010\/cmo\/tarifs\/cartes-prepayees\/carte-2h\/\" title=\"Carte 2h\">Carte 2h<\/a><\/li><li><a href=\"https:\/\/www.cielmonordi.fr\/v2010\/cmo\/tarifs\/cartes-prepayees\/carte-3h\/\" title=\"Carte 3h\">Carte 3h<\/a><\/li><li><a href=\"https:\/\/www.cielmonordi.fr\/v2010\/cmo\/tarifs\/cartes-prepayees\/carnet-6h\/\" title=\"Carnet 6H\">Carnet 6H<\/a><\/li><li><a href=\"https:\/\/www.cielmonordi.fr\/v2010\/cmo\/tarifs\/cartes-prepayees\/carnet-10h\/\" title=\"Carnet 10H\">Carnet 10H<\/a><\/li><li><a href=\"https:\/\/www.cielmonordi.fr\/v2010\/cmo\/tarifs\/cartes-prepayees\/carnet-20h\/\" title=\"Carnet 20H\">Carnet 20H<\/a><\/li><\/ul><\/li><li><a href=\"https:\/\/www.cielmonordi.fr\/v2010\/cmo\/tarifs\/accueil-familidays\/\" title=\"R\u00e9cup\u00e9ration de donn\u00e9es\">R\u00e9cup\u00e9ration de donn\u00e9es<\/a><\/li><li><a href=\"https:\/\/www.cielmonordi.fr\/v2010\/cmo\/tarifs\/la-facture-numerique\/\" title=\"La facture num\u00e9rique\">La facture num\u00e9rique<\/a><\/li><li><a href=\"https:\/\/www.cielmonordi.fr\/v2010\/cmo\/tarifs\/assistance-a-distance\/\" title=\"Assistance \u00e0 Distance\">Assistance \u00e0 Distance<\/a><\/li><\/ul><\/li><li><a href=\"https:\/\/www.cielmonordi.fr\/v2010\/cmo\/sites-web\/\" title=\"Sites Web\">Sites Web<\/a><ul><li><a href=\"https:\/\/www.cielmonordi.fr\/v2010\/cmo\/sites-web\/site-vitrine\/\" title=\"Site vitrine\">Site vitrine<\/a><\/li><li><a href=\"https:\/\/www.cielmonordi.fr\/v2010\/cmo\/sites-web\/site-e-commerce\/\" title=\"Site e-commerce\">Site e-commerce<\/a><\/li><li><a href=\"https:\/\/www.cielmonordi.fr\/v2010\/cmo\/sites-web\/nous-contacter\/\" title=\"Contact sites web\">Contact sites web<\/a><\/li><\/ul><\/li><li><a href=\"https:\/\/www.cielmonordi.fr\/v2010\/cmo\/tarifs-2\/\" title=\"Tarifs\">Tarifs<\/a><ul><li><a href=\"https:\/\/www.cielmonordi.fr\/v2010\/cmo\/tarifs-2\/reduction\/\" title=\"R\u00e9duction d'Imp\u00f4ts\">R\u00e9duction d'Imp\u00f4ts<\/a><\/li><li><a href=\"https:\/\/www.cielmonordi.fr\/v2010\/cmo\/tarifs-2\/impots-mode-demploi-2\/\" title=\"Imp\u00f4ts mode d'emploi\">Imp\u00f4ts mode d'emploi<\/a><\/li><\/ul><\/li><li><a href=\"https:\/\/www.cielmonordi.fr\/v2010\/cmo\/nous-contacter\/\" title=\"Contact\">Contact<\/a><ul><li><a href=\"https:\/\/www.cielmonordi.fr\/v2010\/cmo\/nous-contacter\/repondre-a-lenquete-de-satisfaction-client\/\" title=\"R\u00e9pondre \u00e0 l\u2019enqu\u00eate de satisfaction client\">R\u00e9pondre \u00e0 l\u2019enqu\u00eate de satisfaction client<\/a><\/li><li><a href=\"https:\/\/www.cielmonordi.fr\/v2010\/cmo\/nous-contacter\/parrainer-mes-amis\/\" title=\"Parrainer mes amis\">Parrainer mes amis<\/a><\/li><li><a href=\"https:\/\/www.cielmonordi.fr\/v2010\/cmo\/nous-contacter\/prendre-rdv\/\" title=\"Prendre RdV\">Prendre RdV<\/a><\/li><li><a href=\"https:\/\/www.cielmonordi.fr\/v2010\/cmo\/nous-contacter\/acces-client\/\" title=\"Acc\u00e8s Client\">Acc\u00e8s Client<\/a><\/li><li><a href=\"https:\/\/www.cielmonordi.fr\/v2010\/cmo\/nous-contacter\/recrutement\/\" title=\"Rejoindre le r\u00e9seau\">Rejoindre le r\u00e9seau<\/a><\/li><li><a href=\"https:\/\/www.cielmonordi.fr\/v2010\/cmo\/nous-contacter\/comment-avez-vous-connu-ciel-mon-ordi\/\" title=\"Comment nous avez-vous connu ?\">Comment nous avez-vous connu ?<\/a><\/li><li><a href=\"https:\/\/www.cielmonordi.fr\/v2010\/cmo\/nous-contacter\/satisfaction-client-2011\/\" title=\"Satisfaction clients\">Satisfaction clients<\/a><\/li><li><a href=\"https:\/\/www.cielmonordi.fr\/v2010\/cmo\/nous-contacter\/anniversaire\/\" title=\"15 \u00e8me Anniversaire\">15 \u00e8me Anniversaire<\/a><ul><li><a href=\"https:\/\/www.cielmonordi.fr\/v2010\/cmo\/nous-contacter\/anniversaire\/15-eme-anniversaire-photos\/\" title=\"15 eme anniversaire photos\">15 eme anniversaire photos<\/a><\/li><\/ul><\/li><\/ul><\/li><li><a href=\"https:\/\/www.cielmonordi.fr\/v2010\/cmo\/news-letters\/\" title=\"News letters\">News letters<\/a><\/li><li><a href=\"https:\/\/www.cielmonordi.fr\/v2010\/cmo\/mentions-legales\/\" title=\"Mentions l\u00e9gales\">Mentions l\u00e9gales<\/a><\/li>\n<\/ul><div style=\"text-align: right;\"><p style=\"font-size:90%;\">Plugin par <a href=\"http:\/\/www.dagondesign.com\" title=\"Dagon Design\">dagondesign.com<\/a><\/p><\/div><\/div>\n\n<!-- END of Dagon Design Sitemap Generator output -->\n\n\n<p><\/p>","protected":false},"excerpt":{"rendered":"<p>PagesUtilisateur\u00b7riceConnexionInscriptionMembresR\u00e9initialisation du mot de passeMon compte client Ciel mon OrdiD\u00e9connexionQui sommes-nousProtocole CoronavirusEn quelques lignesCharte Nationale Qualit\u00e9Nos partenairesRevue de presseComment s\u2019occuper de son ordinateur pour qu\u2019il puisse durer ?Plan du sitePrestationsAssistanceFormationCartes pr\u00e9pay\u00e9esCarte 1hCarte 2hCarte 3hCarnet 6HCarnet 10HCarnet 20HR\u00e9cup\u00e9ration de donn\u00e9esLa facture num\u00e9riqueAssistance \u00e0 DistanceSites WebSite vitrineSite e-commerceContact sites webTarifsR\u00e9duction d&#8217;Imp\u00f4tsImp\u00f4ts mode d&#8217;emploiContactR\u00e9pondre \u00e0 l\u2019enqu\u00eate de satisfaction<br \/><a class=\"moretag\" href=\"https:\/\/www.cielmonordi.fr\/v2010\/cmo\/qui-sommes-nous\/plan-du-site\/\">+ Lire la suite<\/a><\/p>\n","protected":false},"author":164,"featured_media":0,"parent":4,"menu_order":250,"comment_status":"closed","ping_status":"closed","template":"","meta":{"footnotes":""},"aioseo_notices":[],"_links":{"self":[{"href":"https:\/\/www.cielmonordi.fr\/v2010\/cmo\/wp-json\/wp\/v2\/pages\/92"}],"collection":[{"href":"https:\/\/www.cielmonordi.fr\/v2010\/cmo\/wp-json\/wp\/v2\/pages"}],"about":[{"href":"https:\/\/www.cielmonordi.fr\/v2010\/cmo\/wp-json\/wp\/v2\/types\/page"}],"author":[{"embeddable":true,"href":"https:\/\/www.cielmonordi.fr\/v2010\/cmo\/wp-json\/wp\/v2\/users\/164"}],"replies":[{"embeddable":true,"href":"https:\/\/www.cielmonordi.fr\/v2010\/cmo\/wp-json\/wp\/v2\/comments?post=92"}],"version-history":[{"count":1,"href":"https:\/\/www.cielmonordi.fr\/v2010\/cmo\/wp-json\/wp\/v2\/pages\/92\/revisions"}],"predecessor-version":[{"id":1466,"href":"https:\/\/www.cielmonordi.fr\/v2010\/cmo\/wp-json\/wp\/v2\/pages\/92\/revisions\/1466"}],"up":[{"embeddable":true,"href":"https:\/\/www.cielmonordi.fr\/v2010\/cmo\/wp-json\/wp\/v2\/pages\/4"}],"wp:attachment":[{"href":"https:\/\/www.cielmonordi.fr\/v2010\/cmo\/wp-json\/wp\/v2\/media?parent=92"}],"curies":[{"name":"wp","href":"https:\/\/api.w.org\/{rel}","templated":true}]}}